{"id":26310,"date":"2024-05-09T17:46:39","date_gmt":"2024-05-09T17:46:39","guid":{"rendered":"https:\/\/staging.dermika.com.mx\/?page_id=26310"},"modified":"2024-10-24T21:37:01","modified_gmt":"2024-10-24T21:37:01","slug":"tratamiento-para-pecas","status":"publish","type":"page","link":"https:\/\/dermika.com.mx\/en\/servicios-dermatologicos-dermika\/tratamiento-para-pecas\/","title":{"rendered":"Pecas"},"content":{"rendered":"<div data-elementor-type=\"wp-page\" data-elementor-id=\"26310\" class=\"elementor elementor-26310\">\n\t\t\t\t\t\t<section class=\"elementor-section elementor-top-section elementor-element elementor-element-7e91d17f elementor-section-full_width elementor-section-content-middle scheme_light-lab elementor-section-stretched elementor-section-height-default elementor-section-height-default sc_fly_static\" data-id=\"7e91d17f\" data-element_type=\"section\" data-settings=\"{&quot;background_background&quot;:&quot;classic&quot;,&quot;stretch_section&quot;:&quot;section-stretched&quot;}\">\n\t\t\t\t\t\t<div class=\"elementor-container elementor-column-gap-no\">\n\t\t\t\t\t<div class=\"elementor-column elementor-col-50 elementor-top-column elementor-element elementor-element-18656f33 sc_inner_width_none sc_content_align_inherit sc_layouts_column_icons_position_left sc_fly_static\" data-id=\"18656f33\" data-element_type=\"column\">\n\t\t\t<div class=\"elementor-widget-wrap elementor-element-populated\">\n\t\t\t\t\t\t<section class=\"elementor-section elementor-inner-section elementor-element elementor-element-7c9daf19 elementor-section-full_width elementor-section-height-default elementor-section-height-default sc_fly_static\" data-id=\"7c9daf19\" data-element_type=\"section\">\n\t\t\t\t\t\t<div class=\"elementor-container elementor-column-gap-default\">\n\t\t\t\t\t<div class=\"elementor-column elementor-col-100 elementor-inner-column elementor-element elementor-element-319f69f6 sc_inner_width_none sc_content_align_inherit sc_layouts_column_icons_position_left sc_fly_static\" data-id=\"319f69f6\" data-element_type=\"column\">\n\t\t\t<div class=\"elementor-widget-wrap elementor-element-populated\">\n\t\t\t\t\t\t<div class=\"elementor-element elementor-element-c65b68f no-title sc_fly_static elementor-widget elementor-widget-image\" data-id=\"c65b68f\" data-element_type=\"widget\" data-widget_type=\"image.default\">\n\t\t\t\t<div class=\"elementor-widget-container\">\n\t\t\t\t\t\t\t\t\t\t\t\t\t\t\t<img decoding=\"async\" src=\"https:\/\/dermika.com.mx\/wp-content\/uploads\/elementor\/thumbs\/SERVICIOS-PECAS-qqn0dxfp9jhuexzde1fgk3x858lbg61u8id39gttw4.jpg\" title=\"SERVICIOS &#8211; PECAS\" alt=\"SERVICIOS - PECAS\" loading=\"lazy\" \/>\t\t\t\t\t\t\t\t\t\t\t\t\t\t\t<\/div>\n\t\t\t\t<\/div>\n\t\t\t\t\t<\/div>\n\t\t<\/div>\n\t\t\t\t\t<\/div>\n\t\t<\/section>\n\t\t\t\t\t<\/div>\n\t\t<\/div>\n\t\t\t\t<div class=\"elementor-column elementor-col-50 elementor-top-column elementor-element elementor-element-3ce6f495 sc_inner_width_none sc_content_align_inherit sc_layouts_column_icons_position_left sc_fly_static\" data-id=\"3ce6f495\" data-element_type=\"column\">\n\t\t\t<div class=\"elementor-widget-wrap elementor-element-populated\">\n\t\t\t\t\t\t<div class=\"elementor-element elementor-element-75232ee2 sc_layouts_hide_on_wide sc_layouts_hide_on_desktop sc_layouts_hide_on_notebook sc_layouts_hide_on_tablet sc_fly_static elementor-widget elementor-widget-spacer\" data-id=\"75232ee2\" data-element_type=\"widget\" data-widget_type=\"spacer.default\">\n\t\t\t\t<div class=\"elementor-widget-container\">\n\t\t\t\t\t\t\t<div class=\"elementor-spacer\">\n\t\t\t<div class=\"elementor-spacer-inner\"><\/div>\n\t\t<\/div>\n\t\t\t\t\t\t<\/div>\n\t\t\t\t<\/div>\n\t\t\t\t<div class=\"elementor-element elementor-element-6c7016dd sc_layouts_hide_on_mobile sc_layouts_hide_on_tablet sc_fly_static elementor-widget elementor-widget-trx_sc_title\" data-id=\"6c7016dd\" data-element_type=\"widget\" data-widget_type=\"trx_sc_title.default\">\n\t\t\t\t<div class=\"elementor-widget-container\">\n\t\t\t\t\t<div\t\tclass=\"sc_title sc_title_default\" ><h1 class=\"sc_item_title sc_title_title sc_item_title_style_default sc_item_title_tag\"\n\t\t\t><span class=\"sc_item_title_text\">The best treatments  <\/br>para pecas.<\/span><\/h1><\/div>\t\t\t\t<\/div>\n\t\t\t\t<\/div>\n\t\t\t\t<div class=\"elementor-element elementor-element-6d75d403 sc_layouts_hide_on_mobile sc_layouts_hide_on_tablet sc_fly_static elementor-widget elementor-widget-spacer\" data-id=\"6d75d403\" data-element_type=\"widget\" data-widget_type=\"spacer.default\">\n\t\t\t\t<div class=\"elementor-widget-container\">\n\t\t\t\t\t\t\t<div class=\"elementor-spacer\">\n\t\t\t<div class=\"elementor-spacer-inner\"><\/div>\n\t\t<\/div>\n\t\t\t\t\t\t<\/div>\n\t\t\t\t<\/div>\n\t\t\t\t<section class=\"elementor-section elementor-inner-section elementor-element elementor-element-5e712319 elementor-section-boxed elementor-section-height-default elementor-section-height-default sc_fly_static\" data-id=\"5e712319\" data-element_type=\"section\">\n\t\t\t\t\t\t<div class=\"elementor-container elementor-column-gap-no\">\n\t\t\t\t\t<div class=\"elementor-column elementor-col-100 elementor-inner-column elementor-element elementor-element-146c1122 sc_inner_width_none sc_content_align_inherit sc_layouts_column_icons_position_left sc_fly_static\" data-id=\"146c1122\" data-element_type=\"column\">\n\t\t\t<div class=\"elementor-widget-wrap elementor-element-populated\">\n\t\t\t\t\t\t<div class=\"elementor-element elementor-element-2ea47646 sc_layouts_hide_on_wide sc_layouts_hide_on_desktop sc_layouts_hide_on_notebook sc_fly_static elementor-widget elementor-widget-trx_sc_title\" data-id=\"2ea47646\" data-element_type=\"widget\" data-widget_type=\"trx_sc_title.default\">\n\t\t\t\t<div class=\"elementor-widget-container\">\n\t\t\t\t\t<div\t\tclass=\"sc_title sc_title_default\" ><h1 class=\"sc_item_title sc_title_title sc_item_title_style_default sc_item_title_tag\"\n\t\t\t><span class=\"sc_item_title_text\">The best treatments  <\/br>para pecas.<\/span><\/h1><\/div>\t\t\t\t<\/div>\n\t\t\t\t<\/div>\n\t\t\t\t<div class=\"elementor-element elementor-element-55aab9eb sc_layouts_hide_on_wide sc_layouts_hide_on_desktop sc_layouts_hide_on_notebook sc_fly_static elementor-widget elementor-widget-spacer\" data-id=\"55aab9eb\" data-element_type=\"widget\" data-widget_type=\"spacer.default\">\n\t\t\t\t<div class=\"elementor-widget-container\">\n\t\t\t\t\t\t\t<div class=\"elementor-spacer\">\n\t\t\t<div class=\"elementor-spacer-inner\"><\/div>\n\t\t<\/div>\n\t\t\t\t\t\t<\/div>\n\t\t\t\t<\/div>\n\t\t\t\t<div class=\"elementor-element elementor-element-42b35617 scheme_default sc_fly_static elementor-widget elementor-widget-text-editor\" data-id=\"42b35617\" data-element_type=\"widget\" data-widget_type=\"text-editor.default\">\n\t\t\t\t<div class=\"elementor-widget-container\">\n\t\t\t\t\t\t\t\t\t<p>Existen diferentes opciones para eliminar las pecas y dar un tono m\u00e1s uniforme a la piel. <br \/>El l\u00e1ser Q-switch y la luz pulsada intensa son procedimientos seguros, sencillos de realizar y que en pocas sesiones notar\u00e1s los resultados.<\/p>\t\t\t\t\t\t\t\t<\/div>\n\t\t\t\t<\/div>\n\t\t\t\t<div class=\"elementor-element elementor-element-23b2449c sc_fly_static elementor-widget elementor-widget-spacer\" data-id=\"23b2449c\" data-element_type=\"widget\" data-widget_type=\"spacer.default\">\n\t\t\t\t<div class=\"elementor-widget-container\">\n\t\t\t\t\t\t\t<div class=\"elementor-spacer\">\n\t\t\t<div class=\"elementor-spacer-inner\"><\/div>\n\t\t<\/div>\n\t\t\t\t\t\t<\/div>\n\t\t\t\t<\/div>\n\t\t\t\t<div class=\"elementor-element elementor-element-47607f31 scheme_default sc_fly_static elementor-widget elementor-widget-trx_sc_button\" data-id=\"47607f31\" data-element_type=\"widget\" data-widget_type=\"trx_sc_button.default\">\n\t\t\t\t<div class=\"elementor-widget-container\">\n\t\t\t\t\t<div\tclass=\"sc_item_button sc_button_wrap\" ><a href=\"https:\/\/dermika.com.mx\/en\/contacto\/\" class=\"sc_button sc_button_default sc_button_size_normal sc_button_icon_left\" ><span class=\"sc_button_text\"><span class=\"sc_button_title\">Book your appointment<\/span><\/span><\/a><\/div>\t\t\t\t<\/div>\n\t\t\t\t<\/div>\n\t\t\t\t\t<\/div>\n\t\t<\/div>\n\t\t\t\t\t<\/div>\n\t\t<\/section>\n\t\t\t\t\t<\/div>\n\t\t<\/div>\n\t\t\t\t\t<\/div>\n\t\t<\/section>\n\t\t\t\t<section class=\"elementor-section elementor-top-section elementor-element elementor-element-298ea612 elementor-section-stretched elementor-section-boxed elementor-section-height-default elementor-section-height-default sc_fly_static\" data-id=\"298ea612\" data-element_type=\"section\" data-settings=\"{&quot;stretch_section&quot;:&quot;section-stretched&quot;}\">\n\t\t\t\t\t\t<div class=\"elementor-container elementor-column-gap-extended\">\n\t\t\t\t\t<div class=\"elementor-column elementor-col-100 elementor-top-column elementor-element elementor-element-483560bc sc_inner_width_none sc_content_align_inherit sc_layouts_column_icons_position_left sc_fly_static\" data-id=\"483560bc\" data-element_type=\"column\">\n\t\t\t<div class=\"elementor-widget-wrap elementor-element-populated\">\n\t\t\t\t\t\t<div class=\"elementor-element elementor-element-772bab0f sc_fly_static elementor-widget elementor-widget-spacer\" data-id=\"772bab0f\" data-element_type=\"widget\" data-widget_type=\"spacer.default\">\n\t\t\t\t<div class=\"elementor-widget-container\">\n\t\t\t\t\t\t\t<div class=\"elementor-spacer\">\n\t\t\t<div class=\"elementor-spacer-inner\"><\/div>\n\t\t<\/div>\n\t\t\t\t\t\t<\/div>\n\t\t\t\t<\/div>\n\t\t\t\t<div class=\"elementor-element elementor-element-39baa29d sc_fly_static elementor-widget elementor-widget-heading\" data-id=\"39baa29d\" data-element_type=\"widget\" data-widget_type=\"heading.default\">\n\t\t\t\t<div class=\"elementor-widget-container\">\n\t\t\t\t\t<h2 class=\"elementor-heading-title elementor-size-default\">Our treatments<\/h2>\t\t\t\t<\/div>\n\t\t\t\t<\/div>\n\t\t\t\t<div class=\"elementor-element elementor-element-3ca743c9 sc_fly_static elementor-widget elementor-widget-spacer\" data-id=\"3ca743c9\" data-element_type=\"widget\" data-widget_type=\"spacer.default\">\n\t\t\t\t<div class=\"elementor-widget-container\">\n\t\t\t\t\t\t\t<div class=\"elementor-spacer\">\n\t\t\t<div class=\"elementor-spacer-inner\"><\/div>\n\t\t<\/div>\n\t\t\t\t\t\t<\/div>\n\t\t\t\t<\/div>\n\t\t\t\t<div class=\"elementor-element elementor-element-6e29f169 scheme_default sc_fly_static elementor-widget elementor-widget-trx_sc_services\" data-id=\"6e29f169\" data-element_type=\"widget\" data-widget_type=\"trx_sc_services.default\">\n\t\t\t\t<div class=\"elementor-widget-container\">\n\t\t\t\t\t<div class=\"sc_services scheme_default sc_services_qw-plaque sc_services_featured_top sc_services_popup sc_post_details_popup\"><div class=\"sc_services_columns_wrap sc_item_columns sc_item_posts_container sc_item_columns_3 trx_addons_columns_wrap columns_padding_bottom columns_in_single_row\"><div class=\"trx_addons_column-1_3 trx_addons_column-1_2-tablet trx_addons_column-1_1-mobile\"><div data-post-id=\"28035\" class=\"sc_services_item sc_item_container post_container with_more with_content with_image sc_services_item_featured_none post-28035 cpt_layouts type-cpt_layouts status-publish has-post-thumbnail hentry cpt_layouts_group-tratamiento-pecas\" data-post_id=\"28035\" data-post_type=\"cpt_services\">\n\t\t<div class=\"sc_services_item_content\" style=\"background-image: url(https:\/\/dermika.com.mx\/wp-content\/uploads\/2021\/05\/Laser-q-switch-melasma-tatuajes-lunares.jpg);\">\n\t\t\t\t<div class=\"sc_services_item_content_inner\"><div class=\"sc_services_item_content_inner_bottom\"><div class=\"sc_services_item_info_wrap\">\n                    <div class=\"sc_services_item_title_wrap\"><div class=\"sc_services_item_subtitle\"><a href=\"https:\/\/dermika.com.mx\/en\/layouts_group\/tratamiento-pecas\/\" title=\"View all posts in Tratamiento Pecas\">Tratamiento Pecas<\/a><\/div><h5 class=\"sc_services_item_title\"><a href=\"https:\/\/dermika.com.mx\/en\/layouts\/laser-q-switch-2-2\/\">L\u00e1ser Q-Switch<\/a><\/h5>\n                        <\/div><div class=\"sc_services_item_button sc_item_button\">\n                        <a href=\"https:\/\/dermika.com.mx\/en\/layouts\/laser-q-switch-2-2\/\" class=\"sc_services_item_more_link\">\n                            <span class=\"link_text\">View More<\/span><span class=\"link_icon\"><\/span>\n                        <\/a>\n                        <\/div><\/div><div class=\"sc_services_item_text\"><p>Tratamiento L\u00e1ser Q-Switch L\u00e1ser que emite energ\u00eda espec\u00edfica para disminuir\u00a0manchas\u00a0tanto solares, como secundarias al embarazo, elimina pecas y\u00a0remueve tatuajes. Mejora textura y calidad de la piel. Se requiere previa valoraci\u00f3n&hellip;<\/p>\n<\/div><\/div><\/div><a class=\"sc_services_item_link\" href=\"https:\/\/dermika.com.mx\/en\/layouts\/laser-q-switch-2-2\/\"><\/a><\/div><\/div><\/div><div class=\"trx_addons_column-1_3 trx_addons_column-1_2-tablet trx_addons_column-1_1-mobile\"><div data-post-id=\"28032\" class=\"sc_services_item sc_item_container post_container with_more with_content with_image sc_services_item_featured_none post-28032 cpt_layouts type-cpt_layouts status-publish has-post-thumbnail hentry cpt_layouts_group-tratamiento-pecas\" data-post_id=\"28032\" data-post_type=\"cpt_services\">\n\t\t<div class=\"sc_services_item_content\" style=\"background-image: url(https:\/\/dermika.com.mx\/wp-content\/uploads\/2021\/05\/Luz-pulsada-intesa_IPL.jpg);\">\n\t\t\t\t<div class=\"sc_services_item_content_inner\"><div class=\"sc_services_item_content_inner_bottom\"><div class=\"sc_services_item_info_wrap\">\n                    <div class=\"sc_services_item_title_wrap\"><div class=\"sc_services_item_subtitle\"><a href=\"https:\/\/dermika.com.mx\/en\/layouts_group\/tratamiento-pecas\/\" title=\"View all posts in Tratamiento Pecas\">Tratamiento Pecas<\/a><\/div><h5 class=\"sc_services_item_title\"><a href=\"https:\/\/dermika.com.mx\/en\/layouts\/luz-pulsada-intensa-2-2-2\/\">Intense Pulsed Light (IPL)<\/a><\/h5>\n                        <\/div><div class=\"sc_services_item_button sc_item_button\">\n                        <a href=\"https:\/\/dermika.com.mx\/en\/layouts\/luz-pulsada-intensa-2-2-2\/\" class=\"sc_services_item_more_link\">\n                            <span class=\"link_text\">View More<\/span><span class=\"link_icon\"><\/span>\n                        <\/a>\n                        <\/div><\/div><div class=\"sc_services_item_text\"><p>Intense Pulsed Light (IPL) Treatment: Thanks to the emission of specific polychromatic lights, it allows for the simultaneous treatment of multiple concerns, such as spots, capillaries, acne, and skin irregularities, thereby globally improving the quality of the skin.<\/p>\n<\/div><\/div><\/div><a class=\"sc_services_item_link\" href=\"https:\/\/dermika.com.mx\/en\/layouts\/luz-pulsada-intensa-2-2-2\/\"><\/a><\/div><\/div><\/div><\/div><\/div>\t\t\t\t<\/div>\n\t\t\t\t<\/div>\n\t\t\t\t\t<\/div>\n\t\t<\/div>\n\t\t\t\t\t<\/div>\n\t\t<\/section>\n\t\t\t\t<\/div>","protected":false},"excerpt":{"rendered":"<p>Los mejores tratamientos para pecas. Los mejores tratamientos para pecas. Existen diferentes opciones para eliminar las pecas y dar un tono m\u00e1s uniforme a la piel. El l\u00e1ser Q-switch y&hellip;<\/p>","protected":false},"author":1,"featured_media":28821,"parent":26220,"menu_order":0,"comment_status":"closed","ping_status":"closed","template":"","meta":{"footnotes":""},"class_list":["post-26310","page","type-page","status-publish","has-post-thumbnail","hentry"],"yoast_head":"<!-- This site is optimized with the Yoast SEO plugin v27.2 - https:\/\/yoast.com\/product\/yoast-seo-wordpress\/ -->\n<title>Tratamientos para Pecas en la Piel | Dermika<\/title>\n<meta name=\"description\" content=\"Descubre tratamientos para reducir pecas en Dermika. Mejora el tono y apariencia de tu piel con tecnolog\u00eda l\u00e1ser avanzada.\" \/>\n<meta name=\"robots\" content=\"index, follow, max-snippet:-1, max-image-preview:large, max-video-preview:-1\" \/>\n<link rel=\"canonical\" href=\"https:\/\/dermika.com.mx\/en\/servicios-dermatologicos-dermika\/tratamiento-para-pecas\/\" \/>\n<meta property=\"og:locale\" content=\"en_US\" \/>\n<meta property=\"og:type\" content=\"article\" \/>\n<meta property=\"og:title\" content=\"Tratamientos para Pecas en la Piel | Dermika\" \/>\n<meta property=\"og:description\" content=\"Descubre tratamientos para reducir pecas en Dermika. Mejora el tono y apariencia de tu piel con tecnolog\u00eda l\u00e1ser avanzada.\" \/>\n<meta property=\"og:url\" content=\"https:\/\/dermika.com.mx\/en\/servicios-dermatologicos-dermika\/tratamiento-para-pecas\/\" \/>\n<meta property=\"og:site_name\" content=\"Dermika\" \/>\n<meta property=\"article:publisher\" content=\"https:\/\/www.facebook.com\/DermikaCentroDermatologicoLaser\/\" \/>\n<meta property=\"article:modified_time\" content=\"2024-10-24T21:37:01+00:00\" \/>\n<meta property=\"og:image\" content=\"https:\/\/dermika.com.mx\/wp-content\/uploads\/2024\/07\/SERVICIOS-PECAS.jpg\" \/>\n\t<meta property=\"og:image:width\" content=\"1080\" \/>\n\t<meta property=\"og:image:height\" content=\"1300\" \/>\n\t<meta property=\"og:image:type\" content=\"image\/jpeg\" \/>\n<meta name=\"twitter:card\" content=\"summary_large_image\" \/>\n<meta name=\"twitter:label1\" content=\"Est. reading time\" \/>\n\t<meta name=\"twitter:data1\" content=\"2 minutes\" \/>\n<script type=\"application\/ld+json\" class=\"yoast-schema-graph\">{\"@context\":\"https:\/\/schema.org\",\"@graph\":[{\"@type\":\"WebPage\",\"@id\":\"https:\/\/dermika.com.mx\/servicios-dermatologicos-dermika\/tratamiento-para-pecas\/\",\"url\":\"https:\/\/dermika.com.mx\/servicios-dermatologicos-dermika\/tratamiento-para-pecas\/\",\"name\":\"Tratamientos para Pecas en la Piel | Dermika\",\"isPartOf\":{\"@id\":\"https:\/\/dermika.com.mx\/#website\"},\"primaryImageOfPage\":{\"@id\":\"https:\/\/dermika.com.mx\/servicios-dermatologicos-dermika\/tratamiento-para-pecas\/#primaryimage\"},\"image\":{\"@id\":\"https:\/\/dermika.com.mx\/servicios-dermatologicos-dermika\/tratamiento-para-pecas\/#primaryimage\"},\"thumbnailUrl\":\"https:\/\/dermika.com.mx\/wp-content\/uploads\/2024\/07\/SERVICIOS-PECAS.jpg\",\"datePublished\":\"2024-05-09T17:46:39+00:00\",\"dateModified\":\"2024-10-24T21:37:01+00:00\",\"description\":\"Descubre tratamientos para reducir pecas en Dermika. Mejora el tono y apariencia de tu piel con tecnolog\u00eda l\u00e1ser avanzada.\",\"breadcrumb\":{\"@id\":\"https:\/\/dermika.com.mx\/servicios-dermatologicos-dermika\/tratamiento-para-pecas\/#breadcrumb\"},\"inLanguage\":\"en-US\",\"potentialAction\":[{\"@type\":\"ReadAction\",\"target\":[\"https:\/\/dermika.com.mx\/servicios-dermatologicos-dermika\/tratamiento-para-pecas\/\"]}]},{\"@type\":\"ImageObject\",\"inLanguage\":\"en-US\",\"@id\":\"https:\/\/dermika.com.mx\/servicios-dermatologicos-dermika\/tratamiento-para-pecas\/#primaryimage\",\"url\":\"https:\/\/dermika.com.mx\/wp-content\/uploads\/2024\/07\/SERVICIOS-PECAS.jpg\",\"contentUrl\":\"https:\/\/dermika.com.mx\/wp-content\/uploads\/2024\/07\/SERVICIOS-PECAS.jpg\",\"width\":1080,\"height\":1300},{\"@type\":\"BreadcrumbList\",\"@id\":\"https:\/\/dermika.com.mx\/servicios-dermatologicos-dermika\/tratamiento-para-pecas\/#breadcrumb\",\"itemListElement\":[{\"@type\":\"ListItem\",\"position\":1,\"name\":\"Home\",\"item\":\"https:\/\/dermika.com.mx\/\"},{\"@type\":\"ListItem\",\"position\":2,\"name\":\"Servicios Dermatol\u00f3gicos\",\"item\":\"https:\/\/dermika.com.mx\/servicios-dermatologicos-dermika\/\"},{\"@type\":\"ListItem\",\"position\":3,\"name\":\"Pecas\"}]},{\"@type\":\"WebSite\",\"@id\":\"https:\/\/dermika.com.mx\/#website\",\"url\":\"https:\/\/dermika.com.mx\/\",\"name\":\"Dermika\",\"description\":\"Dermika | El mejor centro M\u00e9dico Dermatol\u00f3gico L\u00e1ser\",\"publisher\":{\"@id\":\"https:\/\/dermika.com.mx\/#organization\"},\"potentialAction\":[{\"@type\":\"SearchAction\",\"target\":{\"@type\":\"EntryPoint\",\"urlTemplate\":\"https:\/\/dermika.com.mx\/?s={search_term_string}\"},\"query-input\":{\"@type\":\"PropertyValueSpecification\",\"valueRequired\":true,\"valueName\":\"search_term_string\"}}],\"inLanguage\":\"en-US\"},{\"@type\":\"Organization\",\"@id\":\"https:\/\/dermika.com.mx\/#organization\",\"name\":\"Dermika\",\"url\":\"https:\/\/dermika.com.mx\/\",\"logo\":{\"@type\":\"ImageObject\",\"inLanguage\":\"en-US\",\"@id\":\"https:\/\/dermika.com.mx\/#\/schema\/logo\/image\/\",\"url\":\"https:\/\/dermika.com.mx\/wp-content\/uploads\/2021\/02\/logo-dermika-1.png\",\"contentUrl\":\"https:\/\/dermika.com.mx\/wp-content\/uploads\/2021\/02\/logo-dermika-1.png\",\"width\":192,\"height\":63,\"caption\":\"Dermika\"},\"image\":{\"@id\":\"https:\/\/dermika.com.mx\/#\/schema\/logo\/image\/\"},\"sameAs\":[\"https:\/\/www.facebook.com\/DermikaCentroDermatologicoLaser\/\",\"https:\/\/www.instagram.com\/dermikalaser\/\"]}]}<\/script>\n<!-- \/ Yoast SEO plugin. -->","yoast_head_json":{"title":"Tratamientos para Pecas en la Piel | Dermika","description":"Descubre tratamientos para reducir pecas en Dermika. Mejora el tono y apariencia de tu piel con tecnolog\u00eda l\u00e1ser avanzada.","robots":{"index":"index","follow":"follow","max-snippet":"max-snippet:-1","max-image-preview":"max-image-preview:large","max-video-preview":"max-video-preview:-1"},"canonical":"https:\/\/dermika.com.mx\/en\/servicios-dermatologicos-dermika\/tratamiento-para-pecas\/","og_locale":"en_US","og_type":"article","og_title":"Tratamientos para Pecas en la Piel | Dermika","og_description":"Descubre tratamientos para reducir pecas en Dermika. Mejora el tono y apariencia de tu piel con tecnolog\u00eda l\u00e1ser avanzada.","og_url":"https:\/\/dermika.com.mx\/en\/servicios-dermatologicos-dermika\/tratamiento-para-pecas\/","og_site_name":"Dermika","article_publisher":"https:\/\/www.facebook.com\/DermikaCentroDermatologicoLaser\/","article_modified_time":"2024-10-24T21:37:01+00:00","og_image":[{"width":1080,"height":1300,"url":"https:\/\/dermika.com.mx\/wp-content\/uploads\/2024\/07\/SERVICIOS-PECAS.jpg","type":"image\/jpeg"}],"twitter_card":"summary_large_image","twitter_misc":{"Est. reading time":"2 minutes"},"schema":{"@context":"https:\/\/schema.org","@graph":[{"@type":"WebPage","@id":"https:\/\/dermika.com.mx\/servicios-dermatologicos-dermika\/tratamiento-para-pecas\/","url":"https:\/\/dermika.com.mx\/servicios-dermatologicos-dermika\/tratamiento-para-pecas\/","name":"Tratamientos para Pecas en la Piel | Dermika","isPartOf":{"@id":"https:\/\/dermika.com.mx\/#website"},"primaryImageOfPage":{"@id":"https:\/\/dermika.com.mx\/servicios-dermatologicos-dermika\/tratamiento-para-pecas\/#primaryimage"},"image":{"@id":"https:\/\/dermika.com.mx\/servicios-dermatologicos-dermika\/tratamiento-para-pecas\/#primaryimage"},"thumbnailUrl":"https:\/\/dermika.com.mx\/wp-content\/uploads\/2024\/07\/SERVICIOS-PECAS.jpg","datePublished":"2024-05-09T17:46:39+00:00","dateModified":"2024-10-24T21:37:01+00:00","description":"Descubre tratamientos para reducir pecas en Dermika. Mejora el tono y apariencia de tu piel con tecnolog\u00eda l\u00e1ser avanzada.","breadcrumb":{"@id":"https:\/\/dermika.com.mx\/servicios-dermatologicos-dermika\/tratamiento-para-pecas\/#breadcrumb"},"inLanguage":"en-US","potentialAction":[{"@type":"ReadAction","target":["https:\/\/dermika.com.mx\/servicios-dermatologicos-dermika\/tratamiento-para-pecas\/"]}]},{"@type":"ImageObject","inLanguage":"en-US","@id":"https:\/\/dermika.com.mx\/servicios-dermatologicos-dermika\/tratamiento-para-pecas\/#primaryimage","url":"https:\/\/dermika.com.mx\/wp-content\/uploads\/2024\/07\/SERVICIOS-PECAS.jpg","contentUrl":"https:\/\/dermika.com.mx\/wp-content\/uploads\/2024\/07\/SERVICIOS-PECAS.jpg","width":1080,"height":1300},{"@type":"BreadcrumbList","@id":"https:\/\/dermika.com.mx\/servicios-dermatologicos-dermika\/tratamiento-para-pecas\/#breadcrumb","itemListElement":[{"@type":"ListItem","position":1,"name":"Home","item":"https:\/\/dermika.com.mx\/"},{"@type":"ListItem","position":2,"name":"Servicios Dermatol\u00f3gicos","item":"https:\/\/dermika.com.mx\/servicios-dermatologicos-dermika\/"},{"@type":"ListItem","position":3,"name":"Pecas"}]},{"@type":"WebSite","@id":"https:\/\/dermika.com.mx\/#website","url":"https:\/\/dermika.com.mx\/","name":"Dermika","description":"Dermika | El mejor centro M\u00e9dico Dermatol\u00f3gico L\u00e1ser","publisher":{"@id":"https:\/\/dermika.com.mx\/#organization"},"potentialAction":[{"@type":"SearchAction","target":{"@type":"EntryPoint","urlTemplate":"https:\/\/dermika.com.mx\/?s={search_term_string}"},"query-input":{"@type":"PropertyValueSpecification","valueRequired":true,"valueName":"search_term_string"}}],"inLanguage":"en-US"},{"@type":"Organization","@id":"https:\/\/dermika.com.mx\/#organization","name":"Dermika","url":"https:\/\/dermika.com.mx\/","logo":{"@type":"ImageObject","inLanguage":"en-US","@id":"https:\/\/dermika.com.mx\/#\/schema\/logo\/image\/","url":"https:\/\/dermika.com.mx\/wp-content\/uploads\/2021\/02\/logo-dermika-1.png","contentUrl":"https:\/\/dermika.com.mx\/wp-content\/uploads\/2021\/02\/logo-dermika-1.png","width":192,"height":63,"caption":"Dermika"},"image":{"@id":"https:\/\/dermika.com.mx\/#\/schema\/logo\/image\/"},"sameAs":["https:\/\/www.facebook.com\/DermikaCentroDermatologicoLaser\/","https:\/\/www.instagram.com\/dermikalaser\/"]}]}},"_links":{"self":[{"href":"https:\/\/dermika.com.mx\/en\/wp-json\/wp\/v2\/pages\/26310","targetHints":{"allow":["GET"]}}],"collection":[{"href":"https:\/\/dermika.com.mx\/en\/wp-json\/wp\/v2\/pages"}],"about":[{"href":"https:\/\/dermika.com.mx\/en\/wp-json\/wp\/v2\/types\/page"}],"author":[{"embeddable":true,"href":"https:\/\/dermika.com.mx\/en\/wp-json\/wp\/v2\/users\/1"}],"replies":[{"embeddable":true,"href":"https:\/\/dermika.com.mx\/en\/wp-json\/wp\/v2\/comments?post=26310"}],"version-history":[{"count":1,"href":"https:\/\/dermika.com.mx\/en\/wp-json\/wp\/v2\/pages\/26310\/revisions"}],"predecessor-version":[{"id":30705,"href":"https:\/\/dermika.com.mx\/en\/wp-json\/wp\/v2\/pages\/26310\/revisions\/30705"}],"up":[{"embeddable":true,"href":"https:\/\/dermika.com.mx\/en\/wp-json\/wp\/v2\/pages\/26220"}],"wp:featuredmedia":[{"embeddable":true,"href":"https:\/\/dermika.com.mx\/en\/wp-json\/wp\/v2\/media\/28821"}],"wp:attachment":[{"href":"https:\/\/dermika.com.mx\/en\/wp-json\/wp\/v2\/media?parent=26310"}],"curies":[{"name":"wp","href":"https:\/\/api.w.org\/{rel}","templated":true}]}}