{"id":28414,"date":"2024-06-26T00:47:51","date_gmt":"2024-06-26T00:47:51","guid":{"rendered":"https:\/\/staging.dermika.com.mx\/?page_id=28414"},"modified":"2024-10-24T16:33:34","modified_gmt":"2024-10-24T16:33:34","slug":"tratamiento-para-verrugas","status":"publish","type":"page","link":"https:\/\/dermika.com.mx\/en\/condiciones-de-la-piel\/tratamiento-para-verrugas\/","title":{"rendered":"Warts"},"content":{"rendered":"<div data-elementor-type=\"wp-page\" data-elementor-id=\"28414\" class=\"elementor elementor-28414\">\n\t\t\t\t\t\t<section class=\"elementor-section elementor-top-section elementor-element elementor-element-4b454adc elementor-section-stretched elementor-section-boxed elementor-section-height-default elementor-section-height-default sc_fly_static\" data-id=\"4b454adc\" data-element_type=\"section\" data-settings=\"{&quot;stretch_section&quot;:&quot;section-stretched&quot;,&quot;background_background&quot;:&quot;classic&quot;}\">\n\t\t\t\t\t\t<div class=\"elementor-container elementor-column-gap-extended\">\n\t\t\t\t\t<div class=\"elementor-column elementor-col-100 elementor-top-column elementor-element elementor-element-17ac3a6e sc_inner_width_none sc_content_align_inherit sc_layouts_column_icons_position_left sc_fly_static\" data-id=\"17ac3a6e\" data-element_type=\"column\">\n\t\t\t<div class=\"elementor-widget-wrap elementor-element-populated\">\n\t\t\t\t\t\t<div class=\"elementor-element elementor-element-75d8ab9d scheme_default sc_fly_static elementor-widget elementor-widget-html\" data-id=\"75d8ab9d\" data-element_type=\"widget\" data-widget_type=\"html.default\">\n\t\t\t\t<div class=\"elementor-widget-container\">\n\t\t\t\t\t<ul class=\"breadcrumb\">\r\n  <li><a href=\"https:\/\/dermika.com.mx\/en\/\">Home<\/a><\/li>\r\n  <li><a href=\"https:\/\/dermika.com.mx\/en\/condiciones-de-la-piel\/\">Skin Conditions<\/a><\/li>\r\n  <li>Warts<\/li>\r\n<\/ul>\r\n\r\n<style>\r\nul.breadcrumb {\r\n  padding: 10px 16px;\r\n  list-style: none;\r\n  margin: 0!important;\r\n}\r\nul.breadcrumb li {\r\n  display: inline;\r\n  font-size: 14px;\r\n  color: var(--theme-color-text_dark);\r\n  font-weight: 700;\r\n}\r\nul.breadcrumb li+li:before {\r\n  padding: 8px;\r\n  color: black;\r\n  content: \"\\2013\";\r\n}\r\nul.breadcrumb li a {\r\n  color: var(--theme-color-text_link);\r\n  text-decoration: none;\r\n}\r\nul.breadcrumb li a:hover {\r\n  color: #01447e;\r\n  text-decoration: underline;\r\n}\r\n<\/style>\t\t\t\t<\/div>\n\t\t\t\t<\/div>\n\t\t\t\t\t<\/div>\n\t\t<\/div>\n\t\t\t\t\t<\/div>\n\t\t<\/section>\n\t\t\t\t<section class=\"elementor-section elementor-top-section elementor-element elementor-element-3868f9f1 elementor-section-boxed elementor-section-height-default elementor-section-height-default sc_fly_static\" data-id=\"3868f9f1\" data-element_type=\"section\">\n\t\t\t\t\t\t<div class=\"elementor-container elementor-column-gap-extended\">\n\t\t\t\t\t<div class=\"elementor-column elementor-col-100 elementor-top-column elementor-element elementor-element-40fe74df sc_inner_width_none sc_content_align_inherit sc_layouts_column_icons_position_left sc_fly_static\" data-id=\"40fe74df\" data-element_type=\"column\">\n\t\t\t<div class=\"elementor-widget-wrap elementor-element-populated\">\n\t\t\t\t\t\t<div class=\"elementor-element elementor-element-1e405b4c sc_fly_static elementor-widget elementor-widget-spacer\" data-id=\"1e405b4c\" data-element_type=\"widget\" data-widget_type=\"spacer.default\">\n\t\t\t\t<div class=\"elementor-widget-container\">\n\t\t\t\t\t\t\t<div class=\"elementor-spacer\">\n\t\t\t<div class=\"elementor-spacer-inner\"><\/div>\n\t\t<\/div>\n\t\t\t\t\t\t<\/div>\n\t\t\t\t<\/div>\n\t\t\t\t\t<\/div>\n\t\t<\/div>\n\t\t\t\t\t<\/div>\n\t\t<\/section>\n\t\t\t\t<section class=\"elementor-section elementor-top-section elementor-element elementor-element-33321f8b scheme_plastic elementor-section-content-middle elementor-section-boxed elementor-section-height-default elementor-section-height-default sc_fly_static\" data-id=\"33321f8b\" data-element_type=\"section\" data-settings=\"{&quot;background_background&quot;:&quot;classic&quot;}\">\n\t\t\t\t\t\t<div class=\"elementor-container elementor-column-gap-extended\">\n\t\t\t\t\t<div class=\"elementor-column elementor-col-50 elementor-top-column elementor-element elementor-element-374a8cd9 sc_inner_width_none sc_content_align_inherit sc_layouts_column_icons_position_left sc_fly_static\" data-id=\"374a8cd9\" data-element_type=\"column\">\n\t\t\t<div class=\"elementor-widget-wrap elementor-element-populated\">\n\t\t\t\t\t\t<div class=\"elementor-element elementor-element-3144a8b8 sc_fly_static elementor-widget elementor-widget-spacer\" data-id=\"3144a8b8\" data-element_type=\"widget\" data-widget_type=\"spacer.default\">\n\t\t\t\t<div class=\"elementor-widget-container\">\n\t\t\t\t\t\t\t<div class=\"elementor-spacer\">\n\t\t\t<div class=\"elementor-spacer-inner\"><\/div>\n\t\t<\/div>\n\t\t\t\t\t\t<\/div>\n\t\t\t\t<\/div>\n\t\t\t\t<div class=\"elementor-element elementor-element-6f9715a2 scheme_default sc_fly_static elementor-widget elementor-widget-trx_sc_title\" data-id=\"6f9715a2\" data-element_type=\"widget\" data-widget_type=\"trx_sc_title.default\">\n\t\t\t\t<div class=\"elementor-widget-container\">\n\t\t\t\t\t<div\t\tclass=\"sc_title scheme_default sc_title_default\" ><h1 class=\"sc_item_title sc_title_title sc_item_title_style_default sc_item_title_tag\"\n\t\t\t><span class=\"sc_item_title_text\">What are Warts?<\/span><\/h1><\/div>\t\t\t\t<\/div>\n\t\t\t\t<\/div>\n\t\t\t\t<div class=\"elementor-element elementor-element-37bbad47 sc_fly_static elementor-widget elementor-widget-spacer\" data-id=\"37bbad47\" data-element_type=\"widget\" data-widget_type=\"spacer.default\">\n\t\t\t\t<div class=\"elementor-widget-container\">\n\t\t\t\t\t\t\t<div class=\"elementor-spacer\">\n\t\t\t<div class=\"elementor-spacer-inner\"><\/div>\n\t\t<\/div>\n\t\t\t\t\t\t<\/div>\n\t\t\t\t<\/div>\n\t\t\t\t<div class=\"elementor-element elementor-element-1fe3f894 bordered scheme_default sc_fly_static elementor-widget elementor-widget-accordion\" data-id=\"1fe3f894\" data-element_type=\"widget\" data-widget_type=\"accordion.default\">\n\t\t\t\t<div class=\"elementor-widget-container\">\n\t\t\t\t\t\t\t<div class=\"elementor-accordion\">\n\t\t\t\t\t\t\t<div class=\"elementor-accordion-item\">\n\t\t\t\t\t<div id=\"elementor-tab-title-5351\" class=\"elementor-tab-title\" data-tab=\"1\" role=\"button\" aria-controls=\"elementor-tab-content-5351\" aria-expanded=\"false\">\n\t\t\t\t\t\t\t\t\t\t\t\t\t<span class=\"elementor-accordion-icon elementor-accordion-icon-left\" aria-hidden=\"true\">\n\t\t\t\t\t\t\t\t\t\t\t\t\t\t\t<span class=\"elementor-accordion-icon-closed\"><i class=\"fas fa-plus\"><\/i><\/span>\n\t\t\t\t\t\t\t\t<span class=\"elementor-accordion-icon-opened\"><i class=\"fas fa-minus\"><\/i><\/span>\n\t\t\t\t\t\t\t\t\t\t\t\t\t\t<\/span>\n\t\t\t\t\t\t\t\t\t\t\t\t<a class=\"elementor-accordion-title\" tabindex=\"0\">Definition and Causes<\/a>\n\t\t\t\t\t<\/div>\n\t\t\t\t\t<div id=\"elementor-tab-content-5351\" class=\"elementor-tab-content elementor-clearfix\" data-tab=\"1\" role=\"region\" aria-labelledby=\"elementor-tab-title-5351\"><p>Warts and warts are benign skin lesions that frequently appear in both children and adults. These skin problems are caused by the human papillomavirus (HPV), which is acquired through direct skin-to-skin contact.<\/p><p>They generally measure a few millimeters and have a rough appearance. These skin conditions are most frequently located on the hands and feet, although there are also other types of warts that affect the genitals. They can spread to other areas of the skin so scratching or picking at them is not recommended. Some effective treatments to eliminate them are electrofulguration, cryotherapy and CO2 laser.<\/p><\/div>\n\t\t\t\t<\/div>\n\t\t\t\t\t\t\t\t<\/div>\n\t\t\t\t\t\t<\/div>\n\t\t\t\t<\/div>\n\t\t\t\t\t<\/div>\n\t\t<\/div>\n\t\t\t\t<div class=\"elementor-column elementor-col-50 elementor-top-column elementor-element elementor-element-c82e08a sc_inner_width_none sc_content_align_inherit sc_layouts_column_icons_position_left sc_fly_static\" data-id=\"c82e08a\" data-element_type=\"column\">\n\t\t\t<div class=\"elementor-widget-wrap elementor-element-populated\">\n\t\t\t\t\t\t<section class=\"elementor-section elementor-inner-section elementor-element elementor-element-6f6cb388 elementor-section-boxed elementor-section-height-default elementor-section-height-default sc_fly_static\" data-id=\"6f6cb388\" data-element_type=\"section\" data-settings=\"{&quot;background_background&quot;:&quot;classic&quot;}\">\n\t\t\t\t\t\t<div class=\"elementor-container elementor-column-gap-no\">\n\t\t\t\t\t<div class=\"elementor-column elementor-col-50 elementor-inner-column elementor-element elementor-element-488502e8 sc_inner_width_none sc_content_align_inherit sc_layouts_column_icons_position_left sc_fly_static\" data-id=\"488502e8\" data-element_type=\"column\">\n\t\t\t<div class=\"elementor-widget-wrap\">\n\t\t\t\t\t\t\t<\/div>\n\t\t<\/div>\n\t\t\t\t<div class=\"elementor-column elementor-col-50 elementor-inner-column elementor-element elementor-element-135bc2e6 sc_inner_width_none sc_content_align_inherit sc_layouts_column_icons_position_left sc_fly_static\" data-id=\"135bc2e6\" data-element_type=\"column\" data-settings=\"{&quot;background_background&quot;:&quot;classic&quot;}\">\n\t\t\t<div class=\"elementor-widget-wrap elementor-element-populated\">\n\t\t\t\t\t\t<div class=\"elementor-element elementor-element-6229689 no-title sc_fly_static elementor-widget elementor-widget-image\" data-id=\"6229689\" data-element_type=\"widget\" data-widget_type=\"image.default\">\n\t\t\t\t<div class=\"elementor-widget-container\">\n\t\t\t\t\t\t\t\t\t\t\t\t\t\t\t<img decoding=\"async\" src=\"https:\/\/dermika.com.mx\/wp-content\/uploads\/elementor\/thumbs\/img-caja-estrias-qnln0ofjer29ag866cq110blt1hx3or5hzavnjet0m.jpg\" title=\"Stretch marks\" alt=\"Estr\u00edas\" loading=\"lazy\" \/>\t\t\t\t\t\t\t\t\t\t\t\t\t\t\t<\/div>\n\t\t\t\t<\/div>\n\t\t\t\t\t<\/div>\n\t\t<\/div>\n\t\t\t\t\t<\/div>\n\t\t<\/section>\n\t\t\t\t\t<\/div>\n\t\t<\/div>\n\t\t\t\t\t<\/div>\n\t\t<\/section>\n\t\t\t\t<section class=\"elementor-section elementor-top-section elementor-element elementor-element-3be43afe elementor-section-stretched elementor-section-boxed elementor-section-height-default elementor-section-height-default sc_fly_static\" data-id=\"3be43afe\" data-element_type=\"section\" data-settings=\"{&quot;stretch_section&quot;:&quot;section-stretched&quot;}\">\n\t\t\t\t\t\t<div class=\"elementor-container elementor-column-gap-extended\">\n\t\t\t\t\t<div class=\"elementor-column elementor-col-100 elementor-top-column elementor-element elementor-element-511201cf sc_inner_width_none sc_content_align_inherit sc_layouts_column_icons_position_left sc_fly_static\" data-id=\"511201cf\" data-element_type=\"column\">\n\t\t\t<div class=\"elementor-widget-wrap elementor-element-populated\">\n\t\t\t\t\t\t<div class=\"elementor-element elementor-element-2c6eaabd sc_fly_static elementor-widget elementor-widget-spacer\" data-id=\"2c6eaabd\" data-element_type=\"widget\" data-widget_type=\"spacer.default\">\n\t\t\t\t<div class=\"elementor-widget-container\">\n\t\t\t\t\t\t\t<div class=\"elementor-spacer\">\n\t\t\t<div class=\"elementor-spacer-inner\"><\/div>\n\t\t<\/div>\n\t\t\t\t\t\t<\/div>\n\t\t\t\t<\/div>\n\t\t\t\t<div class=\"elementor-element elementor-element-7373ec8f sc_fly_static elementor-widget elementor-widget-heading\" data-id=\"7373ec8f\" data-element_type=\"widget\" data-widget_type=\"heading.default\">\n\t\t\t\t<div class=\"elementor-widget-container\">\n\t\t\t\t\t<h2 class=\"elementor-heading-title elementor-size-default\">Learn about specialized treatments for warts<\/h2>\t\t\t\t<\/div>\n\t\t\t\t<\/div>\n\t\t\t\t<div class=\"elementor-element elementor-element-33df67df sc_fly_static elementor-widget elementor-widget-spacer\" data-id=\"33df67df\" data-element_type=\"widget\" data-widget_type=\"spacer.default\">\n\t\t\t\t<div class=\"elementor-widget-container\">\n\t\t\t\t\t\t\t<div class=\"elementor-spacer\">\n\t\t\t<div class=\"elementor-spacer-inner\"><\/div>\n\t\t<\/div>\n\t\t\t\t\t\t<\/div>\n\t\t\t\t<\/div>\n\t\t\t\t\t<\/div>\n\t\t<\/div>\n\t\t\t\t\t<\/div>\n\t\t<\/section>\n\t\t\t\t<section class=\"elementor-section elementor-top-section elementor-element elementor-element-1d13a2db elementor-section-full_width elementor-section-height-default elementor-section-height-default sc_fly_static\" data-id=\"1d13a2db\" data-element_type=\"section\" data-settings=\"{&quot;background_background&quot;:&quot;classic&quot;}\">\n\t\t\t\t\t\t<div class=\"elementor-container elementor-column-gap-no\">\n\t\t\t\t\t<div class=\"elementor-column elementor-col-100 elementor-top-column elementor-element elementor-element-65bb04f7 sc_inner_width_none sc_content_align_inherit sc_layouts_column_icons_position_left sc_fly_static\" data-id=\"65bb04f7\" data-element_type=\"column\">\n\t\t\t<div class=\"elementor-widget-wrap elementor-element-populated\">\n\t\t\t\t\t\t<div class=\"elementor-element elementor-element-f6df044 sc_fly_static elementor-widget elementor-widget-trx_sc_services\" data-id=\"f6df044\" data-element_type=\"widget\" data-widget_type=\"trx_sc_services.default\">\n\t\t\t\t<div class=\"elementor-widget-container\">\n\t\t\t\t\t<div class=\"sc_services color_style_link2 sc_services_qw-plaque sc_services_featured_top sc_services_popup sc_post_details_popup\"><div class=\"sc_services_columns_wrap sc_item_columns sc_item_posts_container sc_item_columns_3 trx_addons_columns_wrap columns_padding_bottom columns_in_single_row\"><div class=\"trx_addons_column-1_3 trx_addons_column-1_2-tablet trx_addons_column-1_1-mobile\"><div data-post-id=\"27870\" class=\"sc_services_item sc_item_container post_container with_more with_content with_image sc_services_item_featured_none post-27870 cpt_layouts type-cpt_layouts status-publish has-post-thumbnail hentry cpt_layouts_group-estrias cpt_layouts_group-lunares cpt_layouts_group-tratamiendo-cosmetico cpt_layouts_group-verrugas\" data-post_id=\"27870\" data-post_type=\"cpt_services\">\n\t\t<div class=\"sc_services_item_content\" style=\"background-image: url(https:\/\/dermika.com.mx\/wp-content\/uploads\/2021\/05\/Co2-fraccionado-3.jpg);\">\n\t\t\t\t<div class=\"sc_services_item_content_inner\"><div class=\"sc_services_item_content_inner_bottom\"><div class=\"sc_services_item_info_wrap\">\n                    <div class=\"sc_services_item_title_wrap\"><h5 class=\"sc_services_item_title\"><a href=\"https:\/\/dermika.com.mx\/en\/layouts\/laser-fraccionado-co2-3-2\/\">CO2 fractional laser<\/a><\/h5>\n                        <\/div><div class=\"sc_services_item_button sc_item_button\">\n                        <a href=\"https:\/\/dermika.com.mx\/en\/layouts\/laser-fraccionado-co2-3-2\/\" class=\"sc_services_item_more_link\">\n                            <span class=\"link_text\">View More<\/span><span class=\"link_icon\"><\/span>\n                        <\/a>\n                        <\/div><\/div><div class=\"sc_services_item_text\"><p>CO2 Fractional Laser Treatment The fractional laser is used to fade some types of acne scars, facial rejuvenation treatments and in the treatment of some spots and lesions on\u2026<\/p>\n<\/div><\/div><\/div><a class=\"sc_services_item_link\" href=\"https:\/\/dermika.com.mx\/en\/layouts\/laser-fraccionado-co2-3-2\/\"><\/a><\/div><\/div><\/div><\/div><\/div>\t\t\t\t<\/div>\n\t\t\t\t<\/div>\n\t\t\t\t\t<\/div>\n\t\t<\/div>\n\t\t\t\t\t<\/div>\n\t\t<\/section>\n\t\t\t\t<\/div>","protected":false},"excerpt":{"rendered":"<p>Inicio Condiciones de la piel Verrugas \u00bfQue son las Verrugas? Definici\u00f3n y causas Las verrugas y mezquinos son lesiones benignas de la piel que aparecen de manera frecuente tanto en&hellip;<\/p>","protected":false},"author":1,"featured_media":468,"parent":26208,"menu_order":0,"comment_status":"closed","ping_status":"closed","template":"","meta":{"footnotes":""},"class_list":["post-28414","page","type-page","status-publish","has-post-thumbnail","hentry"],"yoast_head":"<!-- This site is optimized with the Yoast SEO plugin v27.2 - https:\/\/yoast.com\/product\/yoast-seo-wordpress\/ -->\n<title>Tratamiento de Verrugas | Dermika<\/title>\n<meta name=\"description\" content=\"Descubre tratamientos para eliminar verrugas en Dermika. Consulta a nuestros especialistas y mejora la salud de tu piel con tecnolog\u00eda.\" \/>\n<meta name=\"robots\" content=\"index, follow, max-snippet:-1, max-image-preview:large, max-video-preview:-1\" \/>\n<link rel=\"canonical\" href=\"https:\/\/dermika.com.mx\/en\/condiciones-de-la-piel\/tratamiento-para-verrugas\/\" \/>\n<meta property=\"og:locale\" content=\"en_US\" \/>\n<meta property=\"og:type\" content=\"article\" \/>\n<meta property=\"og:title\" content=\"Tratamiento de Verrugas | Dermika\" \/>\n<meta property=\"og:description\" content=\"Descubre tratamientos para eliminar verrugas en Dermika. Consulta a nuestros especialistas y mejora la salud de tu piel con tecnolog\u00eda.\" \/>\n<meta property=\"og:url\" content=\"https:\/\/dermika.com.mx\/en\/condiciones-de-la-piel\/tratamiento-para-verrugas\/\" \/>\n<meta property=\"og:site_name\" content=\"Dermika\" \/>\n<meta property=\"article:publisher\" content=\"https:\/\/www.facebook.com\/DermikaCentroDermatologicoLaser\/\" \/>\n<meta property=\"article:modified_time\" content=\"2024-10-24T16:33:34+00:00\" \/>\n<meta property=\"og:image\" content=\"https:\/\/dermika.com.mx\/wp-content\/uploads\/2021\/04\/img-caja-verrugas.jpg\" \/>\n\t<meta property=\"og:image:width\" content=\"540\" \/>\n\t<meta property=\"og:image:height\" content=\"360\" \/>\n\t<meta property=\"og:image:type\" content=\"image\/jpeg\" \/>\n<meta name=\"twitter:card\" content=\"summary_large_image\" \/>\n<meta name=\"twitter:label1\" content=\"Est. reading time\" \/>\n\t<meta name=\"twitter:data1\" content=\"2 minutes\" \/>\n<script type=\"application\/ld+json\" class=\"yoast-schema-graph\">{\"@context\":\"https:\/\/schema.org\",\"@graph\":[{\"@type\":\"WebPage\",\"@id\":\"https:\/\/dermika.com.mx\/condiciones-de-la-piel\/tratamiento-para-verrugas\/\",\"url\":\"https:\/\/dermika.com.mx\/condiciones-de-la-piel\/tratamiento-para-verrugas\/\",\"name\":\"Tratamiento de Verrugas | Dermika\",\"isPartOf\":{\"@id\":\"https:\/\/dermika.com.mx\/#website\"},\"primaryImageOfPage\":{\"@id\":\"https:\/\/dermika.com.mx\/condiciones-de-la-piel\/tratamiento-para-verrugas\/#primaryimage\"},\"image\":{\"@id\":\"https:\/\/dermika.com.mx\/condiciones-de-la-piel\/tratamiento-para-verrugas\/#primaryimage\"},\"thumbnailUrl\":\"https:\/\/dermika.com.mx\/wp-content\/uploads\/2021\/04\/img-caja-verrugas.jpg\",\"datePublished\":\"2024-06-26T00:47:51+00:00\",\"dateModified\":\"2024-10-24T16:33:34+00:00\",\"description\":\"Descubre tratamientos para eliminar verrugas en Dermika. Consulta a nuestros especialistas y mejora la salud de tu piel con tecnolog\u00eda.\",\"breadcrumb\":{\"@id\":\"https:\/\/dermika.com.mx\/condiciones-de-la-piel\/tratamiento-para-verrugas\/#breadcrumb\"},\"inLanguage\":\"en-US\",\"potentialAction\":[{\"@type\":\"ReadAction\",\"target\":[\"https:\/\/dermika.com.mx\/condiciones-de-la-piel\/tratamiento-para-verrugas\/\"]}]},{\"@type\":\"ImageObject\",\"inLanguage\":\"en-US\",\"@id\":\"https:\/\/dermika.com.mx\/condiciones-de-la-piel\/tratamiento-para-verrugas\/#primaryimage\",\"url\":\"https:\/\/dermika.com.mx\/wp-content\/uploads\/2021\/04\/img-caja-verrugas.jpg\",\"contentUrl\":\"https:\/\/dermika.com.mx\/wp-content\/uploads\/2021\/04\/img-caja-verrugas.jpg\",\"width\":540,\"height\":360,\"caption\":\"Verruga\"},{\"@type\":\"BreadcrumbList\",\"@id\":\"https:\/\/dermika.com.mx\/condiciones-de-la-piel\/tratamiento-para-verrugas\/#breadcrumb\",\"itemListElement\":[{\"@type\":\"ListItem\",\"position\":1,\"name\":\"Home\",\"item\":\"https:\/\/dermika.com.mx\/\"},{\"@type\":\"ListItem\",\"position\":2,\"name\":\"Condiciones de la piel\",\"item\":\"https:\/\/dermika.com.mx\/condiciones-de-la-piel\/\"},{\"@type\":\"ListItem\",\"position\":3,\"name\":\"Verrugas\"}]},{\"@type\":\"WebSite\",\"@id\":\"https:\/\/dermika.com.mx\/#website\",\"url\":\"https:\/\/dermika.com.mx\/\",\"name\":\"Dermika\",\"description\":\"Dermika | El mejor centro M\u00e9dico Dermatol\u00f3gico L\u00e1ser\",\"publisher\":{\"@id\":\"https:\/\/dermika.com.mx\/#organization\"},\"potentialAction\":[{\"@type\":\"SearchAction\",\"target\":{\"@type\":\"EntryPoint\",\"urlTemplate\":\"https:\/\/dermika.com.mx\/?s={search_term_string}\"},\"query-input\":{\"@type\":\"PropertyValueSpecification\",\"valueRequired\":true,\"valueName\":\"search_term_string\"}}],\"inLanguage\":\"en-US\"},{\"@type\":\"Organization\",\"@id\":\"https:\/\/dermika.com.mx\/#organization\",\"name\":\"Dermika\",\"url\":\"https:\/\/dermika.com.mx\/\",\"logo\":{\"@type\":\"ImageObject\",\"inLanguage\":\"en-US\",\"@id\":\"https:\/\/dermika.com.mx\/#\/schema\/logo\/image\/\",\"url\":\"https:\/\/dermika.com.mx\/wp-content\/uploads\/2021\/02\/logo-dermika-1.png\",\"contentUrl\":\"https:\/\/dermika.com.mx\/wp-content\/uploads\/2021\/02\/logo-dermika-1.png\",\"width\":192,\"height\":63,\"caption\":\"Dermika\"},\"image\":{\"@id\":\"https:\/\/dermika.com.mx\/#\/schema\/logo\/image\/\"},\"sameAs\":[\"https:\/\/www.facebook.com\/DermikaCentroDermatologicoLaser\/\",\"https:\/\/www.instagram.com\/dermikalaser\/\"]}]}<\/script>\n<!-- \/ Yoast SEO plugin. -->","yoast_head_json":{"title":"Tratamiento de Verrugas | Dermika","description":"Descubre tratamientos para eliminar verrugas en Dermika. Consulta a nuestros especialistas y mejora la salud de tu piel con tecnolog\u00eda.","robots":{"index":"index","follow":"follow","max-snippet":"max-snippet:-1","max-image-preview":"max-image-preview:large","max-video-preview":"max-video-preview:-1"},"canonical":"https:\/\/dermika.com.mx\/en\/condiciones-de-la-piel\/tratamiento-para-verrugas\/","og_locale":"en_US","og_type":"article","og_title":"Tratamiento de Verrugas | Dermika","og_description":"Descubre tratamientos para eliminar verrugas en Dermika. Consulta a nuestros especialistas y mejora la salud de tu piel con tecnolog\u00eda.","og_url":"https:\/\/dermika.com.mx\/en\/condiciones-de-la-piel\/tratamiento-para-verrugas\/","og_site_name":"Dermika","article_publisher":"https:\/\/www.facebook.com\/DermikaCentroDermatologicoLaser\/","article_modified_time":"2024-10-24T16:33:34+00:00","og_image":[{"width":540,"height":360,"url":"https:\/\/dermika.com.mx\/wp-content\/uploads\/2021\/04\/img-caja-verrugas.jpg","type":"image\/jpeg"}],"twitter_card":"summary_large_image","twitter_misc":{"Est. reading time":"2 minutes"},"schema":{"@context":"https:\/\/schema.org","@graph":[{"@type":"WebPage","@id":"https:\/\/dermika.com.mx\/condiciones-de-la-piel\/tratamiento-para-verrugas\/","url":"https:\/\/dermika.com.mx\/condiciones-de-la-piel\/tratamiento-para-verrugas\/","name":"Tratamiento de Verrugas | Dermika","isPartOf":{"@id":"https:\/\/dermika.com.mx\/#website"},"primaryImageOfPage":{"@id":"https:\/\/dermika.com.mx\/condiciones-de-la-piel\/tratamiento-para-verrugas\/#primaryimage"},"image":{"@id":"https:\/\/dermika.com.mx\/condiciones-de-la-piel\/tratamiento-para-verrugas\/#primaryimage"},"thumbnailUrl":"https:\/\/dermika.com.mx\/wp-content\/uploads\/2021\/04\/img-caja-verrugas.jpg","datePublished":"2024-06-26T00:47:51+00:00","dateModified":"2024-10-24T16:33:34+00:00","description":"Descubre tratamientos para eliminar verrugas en Dermika. Consulta a nuestros especialistas y mejora la salud de tu piel con tecnolog\u00eda.","breadcrumb":{"@id":"https:\/\/dermika.com.mx\/condiciones-de-la-piel\/tratamiento-para-verrugas\/#breadcrumb"},"inLanguage":"en-US","potentialAction":[{"@type":"ReadAction","target":["https:\/\/dermika.com.mx\/condiciones-de-la-piel\/tratamiento-para-verrugas\/"]}]},{"@type":"ImageObject","inLanguage":"en-US","@id":"https:\/\/dermika.com.mx\/condiciones-de-la-piel\/tratamiento-para-verrugas\/#primaryimage","url":"https:\/\/dermika.com.mx\/wp-content\/uploads\/2021\/04\/img-caja-verrugas.jpg","contentUrl":"https:\/\/dermika.com.mx\/wp-content\/uploads\/2021\/04\/img-caja-verrugas.jpg","width":540,"height":360,"caption":"Verruga"},{"@type":"BreadcrumbList","@id":"https:\/\/dermika.com.mx\/condiciones-de-la-piel\/tratamiento-para-verrugas\/#breadcrumb","itemListElement":[{"@type":"ListItem","position":1,"name":"Home","item":"https:\/\/dermika.com.mx\/"},{"@type":"ListItem","position":2,"name":"Condiciones de la piel","item":"https:\/\/dermika.com.mx\/condiciones-de-la-piel\/"},{"@type":"ListItem","position":3,"name":"Verrugas"}]},{"@type":"WebSite","@id":"https:\/\/dermika.com.mx\/#website","url":"https:\/\/dermika.com.mx\/","name":"Dermika","description":"Dermika | El mejor centro M\u00e9dico Dermatol\u00f3gico L\u00e1ser","publisher":{"@id":"https:\/\/dermika.com.mx\/#organization"},"potentialAction":[{"@type":"SearchAction","target":{"@type":"EntryPoint","urlTemplate":"https:\/\/dermika.com.mx\/?s={search_term_string}"},"query-input":{"@type":"PropertyValueSpecification","valueRequired":true,"valueName":"search_term_string"}}],"inLanguage":"en-US"},{"@type":"Organization","@id":"https:\/\/dermika.com.mx\/#organization","name":"Dermika","url":"https:\/\/dermika.com.mx\/","logo":{"@type":"ImageObject","inLanguage":"en-US","@id":"https:\/\/dermika.com.mx\/#\/schema\/logo\/image\/","url":"https:\/\/dermika.com.mx\/wp-content\/uploads\/2021\/02\/logo-dermika-1.png","contentUrl":"https:\/\/dermika.com.mx\/wp-content\/uploads\/2021\/02\/logo-dermika-1.png","width":192,"height":63,"caption":"Dermika"},"image":{"@id":"https:\/\/dermika.com.mx\/#\/schema\/logo\/image\/"},"sameAs":["https:\/\/www.facebook.com\/DermikaCentroDermatologicoLaser\/","https:\/\/www.instagram.com\/dermikalaser\/"]}]}},"_links":{"self":[{"href":"https:\/\/dermika.com.mx\/en\/wp-json\/wp\/v2\/pages\/28414","targetHints":{"allow":["GET"]}}],"collection":[{"href":"https:\/\/dermika.com.mx\/en\/wp-json\/wp\/v2\/pages"}],"about":[{"href":"https:\/\/dermika.com.mx\/en\/wp-json\/wp\/v2\/types\/page"}],"author":[{"embeddable":true,"href":"https:\/\/dermika.com.mx\/en\/wp-json\/wp\/v2\/users\/1"}],"replies":[{"embeddable":true,"href":"https:\/\/dermika.com.mx\/en\/wp-json\/wp\/v2\/comments?post=28414"}],"version-history":[{"count":1,"href":"https:\/\/dermika.com.mx\/en\/wp-json\/wp\/v2\/pages\/28414\/revisions"}],"predecessor-version":[{"id":30682,"href":"https:\/\/dermika.com.mx\/en\/wp-json\/wp\/v2\/pages\/28414\/revisions\/30682"}],"up":[{"embeddable":true,"href":"https:\/\/dermika.com.mx\/en\/wp-json\/wp\/v2\/pages\/26208"}],"wp:featuredmedia":[{"embeddable":true,"href":"https:\/\/dermika.com.mx\/en\/wp-json\/wp\/v2\/media\/468"}],"wp:attachment":[{"href":"https:\/\/dermika.com.mx\/en\/wp-json\/wp\/v2\/media?parent=28414"}],"curies":[{"name":"wp","href":"https:\/\/api.w.org\/{rel}","templated":true}]}}