{"id":28429,"date":"2024-06-26T01:02:48","date_gmt":"2024-06-26T01:02:48","guid":{"rendered":"https:\/\/staging.dermika.com.mx\/?page_id=28429"},"modified":"2024-10-24T16:23:57","modified_gmt":"2024-10-24T16:23:57","slug":"tratamiento-para-la-alopecia","status":"publish","type":"page","link":"https:\/\/dermika.com.mx\/en\/condiciones-de-la-piel\/tratamiento-para-la-alopecia\/","title":{"rendered":"Alopecia"},"content":{"rendered":"<div data-elementor-type=\"wp-page\" data-elementor-id=\"28429\" class=\"elementor elementor-28429\">\n\t\t\t\t\t\t<section class=\"elementor-section elementor-top-section elementor-element elementor-element-60caa5c7 elementor-section-stretched elementor-section-boxed elementor-section-height-default elementor-section-height-default sc_fly_static\" data-id=\"60caa5c7\" data-element_type=\"section\" data-settings=\"{&quot;stretch_section&quot;:&quot;section-stretched&quot;,&quot;background_background&quot;:&quot;classic&quot;}\">\n\t\t\t\t\t\t<div class=\"elementor-container elementor-column-gap-extended\">\n\t\t\t\t\t<div class=\"elementor-column elementor-col-100 elementor-top-column elementor-element elementor-element-777afed5 sc_inner_width_none sc_content_align_inherit sc_layouts_column_icons_position_left sc_fly_static\" data-id=\"777afed5\" data-element_type=\"column\">\n\t\t\t<div class=\"elementor-widget-wrap elementor-element-populated\">\n\t\t\t\t\t\t<div class=\"elementor-element elementor-element-7b26a6db scheme_default sc_fly_static elementor-widget elementor-widget-html\" data-id=\"7b26a6db\" data-element_type=\"widget\" data-widget_type=\"html.default\">\n\t\t\t\t<div class=\"elementor-widget-container\">\n\t\t\t\t\t<ul class=\"breadcrumb\">\r\n  <li><a href=\"https:\/\/dermika.com.mx\/en\/\">Home<\/a><\/li>\r\n  <li><a href=\"https:\/\/dermika.com.mx\/en\/condiciones-de-la-piel\/\">Skin Conditions<\/a><\/li>\r\n  <li>Alopecia<\/li>\r\n<\/ul>\r\n\r\n<style>\r\nul.breadcrumb {\r\n  padding: 10px 16px;\r\n  list-style: none;\r\n  margin: 0!important;\r\n}\r\nul.breadcrumb li {\r\n  display: inline;\r\n  font-size: 14px;\r\n  color: var(--theme-color-text_dark);\r\n  font-weight: 700;\r\n}\r\nul.breadcrumb li+li:before {\r\n  padding: 8px;\r\n  color: black;\r\n  content: \"\\2013\";\r\n}\r\nul.breadcrumb li a {\r\n  color: var(--theme-color-text_link);\r\n  text-decoration: none;\r\n}\r\nul.breadcrumb li a:hover {\r\n  color: #01447e;\r\n  text-decoration: underline;\r\n}\r\n<\/style>\t\t\t\t<\/div>\n\t\t\t\t<\/div>\n\t\t\t\t\t<\/div>\n\t\t<\/div>\n\t\t\t\t\t<\/div>\n\t\t<\/section>\n\t\t\t\t<section class=\"elementor-section elementor-top-section elementor-element elementor-element-5ae2737f elementor-section-boxed elementor-section-height-default elementor-section-height-default sc_fly_static\" data-id=\"5ae2737f\" data-element_type=\"section\">\n\t\t\t\t\t\t<div class=\"elementor-container elementor-column-gap-extended\">\n\t\t\t\t\t<div class=\"elementor-column elementor-col-100 elementor-top-column elementor-element elementor-element-34cca204 sc_inner_width_none sc_content_align_inherit sc_layouts_column_icons_position_left sc_fly_static\" data-id=\"34cca204\" data-element_type=\"column\">\n\t\t\t<div class=\"elementor-widget-wrap elementor-element-populated\">\n\t\t\t\t\t\t<div class=\"elementor-element elementor-element-7c8e87d sc_fly_static elementor-widget elementor-widget-spacer\" data-id=\"7c8e87d\" data-element_type=\"widget\" data-widget_type=\"spacer.default\">\n\t\t\t\t<div class=\"elementor-widget-container\">\n\t\t\t\t\t\t\t<div class=\"elementor-spacer\">\n\t\t\t<div class=\"elementor-spacer-inner\"><\/div>\n\t\t<\/div>\n\t\t\t\t\t\t<\/div>\n\t\t\t\t<\/div>\n\t\t\t\t\t<\/div>\n\t\t<\/div>\n\t\t\t\t\t<\/div>\n\t\t<\/section>\n\t\t\t\t<section class=\"elementor-section elementor-top-section elementor-element elementor-element-546c31c8 scheme_plastic elementor-section-content-middle elementor-section-boxed elementor-section-height-default elementor-section-height-default sc_fly_static\" data-id=\"546c31c8\" data-element_type=\"section\" data-settings=\"{&quot;background_background&quot;:&quot;classic&quot;}\">\n\t\t\t\t\t\t<div class=\"elementor-container elementor-column-gap-extended\">\n\t\t\t\t\t<div class=\"elementor-column elementor-col-50 elementor-top-column elementor-element elementor-element-1d8caf4e sc_inner_width_none sc_content_align_inherit sc_layouts_column_icons_position_left sc_fly_static\" data-id=\"1d8caf4e\" data-element_type=\"column\">\n\t\t\t<div class=\"elementor-widget-wrap elementor-element-populated\">\n\t\t\t\t\t\t<div class=\"elementor-element elementor-element-61c974ef sc_fly_static elementor-widget elementor-widget-spacer\" data-id=\"61c974ef\" data-element_type=\"widget\" data-widget_type=\"spacer.default\">\n\t\t\t\t<div class=\"elementor-widget-container\">\n\t\t\t\t\t\t\t<div class=\"elementor-spacer\">\n\t\t\t<div class=\"elementor-spacer-inner\"><\/div>\n\t\t<\/div>\n\t\t\t\t\t\t<\/div>\n\t\t\t\t<\/div>\n\t\t\t\t<div class=\"elementor-element elementor-element-63177772 scheme_default sc_fly_static elementor-widget elementor-widget-trx_sc_title\" data-id=\"63177772\" data-element_type=\"widget\" data-widget_type=\"trx_sc_title.default\">\n\t\t\t\t<div class=\"elementor-widget-container\">\n\t\t\t\t\t<div\t\tclass=\"sc_title scheme_default sc_title_default\" ><h1 class=\"sc_item_title sc_title_title sc_item_title_style_default sc_item_title_tag\"\n\t\t\t><span class=\"sc_item_title_text\">What is Alopecia?<\/span><\/h1><\/div>\t\t\t\t<\/div>\n\t\t\t\t<\/div>\n\t\t\t\t<div class=\"elementor-element elementor-element-40ff2d7b sc_fly_static elementor-widget elementor-widget-spacer\" data-id=\"40ff2d7b\" data-element_type=\"widget\" data-widget_type=\"spacer.default\">\n\t\t\t\t<div class=\"elementor-widget-container\">\n\t\t\t\t\t\t\t<div class=\"elementor-spacer\">\n\t\t\t<div class=\"elementor-spacer-inner\"><\/div>\n\t\t<\/div>\n\t\t\t\t\t\t<\/div>\n\t\t\t\t<\/div>\n\t\t\t\t<div class=\"elementor-element elementor-element-56cf97ea bordered scheme_default sc_fly_static elementor-widget elementor-widget-accordion\" data-id=\"56cf97ea\" data-element_type=\"widget\" data-widget_type=\"accordion.default\">\n\t\t\t\t<div class=\"elementor-widget-container\">\n\t\t\t\t\t\t\t<div class=\"elementor-accordion\">\n\t\t\t\t\t\t\t<div class=\"elementor-accordion-item\">\n\t\t\t\t\t<div id=\"elementor-tab-title-1451\" class=\"elementor-tab-title\" data-tab=\"1\" role=\"button\" aria-controls=\"elementor-tab-content-1451\" aria-expanded=\"false\">\n\t\t\t\t\t\t\t\t\t\t\t\t\t<span class=\"elementor-accordion-icon elementor-accordion-icon-left\" aria-hidden=\"true\">\n\t\t\t\t\t\t\t\t\t\t\t\t\t\t\t<span class=\"elementor-accordion-icon-closed\"><i class=\"fas fa-plus\"><\/i><\/span>\n\t\t\t\t\t\t\t\t<span class=\"elementor-accordion-icon-opened\"><i class=\"fas fa-minus\"><\/i><\/span>\n\t\t\t\t\t\t\t\t\t\t\t\t\t\t<\/span>\n\t\t\t\t\t\t\t\t\t\t\t\t<a class=\"elementor-accordion-title\" tabindex=\"0\">Definition and Causes<\/a>\n\t\t\t\t\t<\/div>\n\t\t\t\t\t<div id=\"elementor-tab-content-1451\" class=\"elementor-tab-content elementor-clearfix\" data-tab=\"1\" role=\"region\" aria-labelledby=\"elementor-tab-title-1451\"><p>Stretch marks are lines or grooves that can appear on skin that has been stretched excessively as a result of growth, pregnancy, or weight gain. Prolonged use of topical or oral corticosteroids can also cause\u00a0<a href=\"https:\/\/www.mayoclinic.org\/es-es\/diseases-conditions\/stretch-marks\/symptoms-causes\/syc-20351139\">stretch marks<\/a>. Fortunately, there are laser remedies for stretch marks that can help eliminate them.<\/p><p>In definition, these are skin stretching injuries. They usually occur during growth (in the adolescent stage), weight changes, or when there is a pregnancy that causes great stretching of the skin.<\/p><\/div>\n\t\t\t\t<\/div>\n\t\t\t\t\t\t\t\t<\/div>\n\t\t\t\t\t\t<\/div>\n\t\t\t\t<\/div>\n\t\t\t\t\t<\/div>\n\t\t<\/div>\n\t\t\t\t<div class=\"elementor-column elementor-col-50 elementor-top-column elementor-element elementor-element-700ad7cb sc_inner_width_none sc_content_align_inherit sc_layouts_column_icons_position_left sc_fly_static\" data-id=\"700ad7cb\" data-element_type=\"column\">\n\t\t\t<div class=\"elementor-widget-wrap elementor-element-populated\">\n\t\t\t\t\t\t<section class=\"elementor-section elementor-inner-section elementor-element elementor-element-315d8462 elementor-section-boxed elementor-section-height-default elementor-section-height-default sc_fly_static\" data-id=\"315d8462\" data-element_type=\"section\" data-settings=\"{&quot;background_background&quot;:&quot;classic&quot;}\">\n\t\t\t\t\t\t<div class=\"elementor-container elementor-column-gap-no\">\n\t\t\t\t\t<div class=\"elementor-column elementor-col-50 elementor-inner-column elementor-element elementor-element-43b8578b sc_inner_width_none sc_content_align_inherit sc_layouts_column_icons_position_left sc_fly_static\" data-id=\"43b8578b\" data-element_type=\"column\">\n\t\t\t<div class=\"elementor-widget-wrap\">\n\t\t\t\t\t\t\t<\/div>\n\t\t<\/div>\n\t\t\t\t<div class=\"elementor-column elementor-col-50 elementor-inner-column elementor-element elementor-element-289dc4f5 sc_inner_width_none sc_content_align_inherit sc_layouts_column_icons_position_left sc_fly_static\" data-id=\"289dc4f5\" data-element_type=\"column\" data-settings=\"{&quot;background_background&quot;:&quot;classic&quot;}\">\n\t\t\t<div class=\"elementor-widget-wrap elementor-element-populated\">\n\t\t\t\t\t\t<div class=\"elementor-element elementor-element-3d8ff5dd no-title sc_fly_static elementor-widget elementor-widget-image\" data-id=\"3d8ff5dd\" data-element_type=\"widget\" data-widget_type=\"image.default\">\n\t\t\t\t<div class=\"elementor-widget-container\">\n\t\t\t\t\t\t\t\t\t\t\t\t\t\t\t<img decoding=\"async\" src=\"https:\/\/dermika.com.mx\/wp-content\/uploads\/elementor\/thumbs\/Captura-de-Pantalla-2020-12-01-a-las-14.08.59-qnlmvxcwuwk2lf4nxarxf7hpowx46rw06gkib6ggh2.png\" title=\"Alopecia\" alt=\"Alopecia\" loading=\"lazy\" \/>\t\t\t\t\t\t\t\t\t\t\t\t\t\t\t<\/div>\n\t\t\t\t<\/div>\n\t\t\t\t\t<\/div>\n\t\t<\/div>\n\t\t\t\t\t<\/div>\n\t\t<\/section>\n\t\t\t\t\t<\/div>\n\t\t<\/div>\n\t\t\t\t\t<\/div>\n\t\t<\/section>\n\t\t\t\t<section class=\"elementor-section elementor-top-section elementor-element elementor-element-384e6248 elementor-section-stretched elementor-section-boxed elementor-section-height-default elementor-section-height-default sc_fly_static\" data-id=\"384e6248\" data-element_type=\"section\" data-settings=\"{&quot;stretch_section&quot;:&quot;section-stretched&quot;}\">\n\t\t\t\t\t\t<div class=\"elementor-container elementor-column-gap-extended\">\n\t\t\t\t\t<div class=\"elementor-column elementor-col-100 elementor-top-column elementor-element elementor-element-1766338c sc_inner_width_none sc_content_align_inherit sc_layouts_column_icons_position_left sc_fly_static\" data-id=\"1766338c\" data-element_type=\"column\">\n\t\t\t<div class=\"elementor-widget-wrap elementor-element-populated\">\n\t\t\t\t\t\t<div class=\"elementor-element elementor-element-12315688 sc_fly_static elementor-widget elementor-widget-spacer\" data-id=\"12315688\" data-element_type=\"widget\" data-widget_type=\"spacer.default\">\n\t\t\t\t<div class=\"elementor-widget-container\">\n\t\t\t\t\t\t\t<div class=\"elementor-spacer\">\n\t\t\t<div class=\"elementor-spacer-inner\"><\/div>\n\t\t<\/div>\n\t\t\t\t\t\t<\/div>\n\t\t\t\t<\/div>\n\t\t\t\t<div class=\"elementor-element elementor-element-144c6b96 sc_fly_static elementor-widget elementor-widget-heading\" data-id=\"144c6b96\" data-element_type=\"widget\" data-widget_type=\"heading.default\">\n\t\t\t\t<div class=\"elementor-widget-container\">\n\t\t\t\t\t<h2 class=\"elementor-heading-title elementor-size-default\">Learn about specialized treatments for alopecia<\/h2>\t\t\t\t<\/div>\n\t\t\t\t<\/div>\n\t\t\t\t<div class=\"elementor-element elementor-element-a4ada4b sc_fly_static elementor-widget elementor-widget-spacer\" data-id=\"a4ada4b\" data-element_type=\"widget\" data-widget_type=\"spacer.default\">\n\t\t\t\t<div class=\"elementor-widget-container\">\n\t\t\t\t\t\t\t<div class=\"elementor-spacer\">\n\t\t\t<div class=\"elementor-spacer-inner\"><\/div>\n\t\t<\/div>\n\t\t\t\t\t\t<\/div>\n\t\t\t\t<\/div>\n\t\t\t\t\t<\/div>\n\t\t<\/div>\n\t\t\t\t\t<\/div>\n\t\t<\/section>\n\t\t\t\t<section class=\"elementor-section elementor-top-section elementor-element elementor-element-1f1a82c elementor-section-full_width elementor-section-height-default elementor-section-height-default sc_fly_static\" data-id=\"1f1a82c\" data-element_type=\"section\" data-settings=\"{&quot;background_background&quot;:&quot;classic&quot;}\">\n\t\t\t\t\t\t<div class=\"elementor-container elementor-column-gap-no\">\n\t\t\t\t\t<div class=\"elementor-column elementor-col-100 elementor-top-column elementor-element elementor-element-e0f39c9 sc_inner_width_none sc_content_align_inherit sc_layouts_column_icons_position_left sc_fly_static\" data-id=\"e0f39c9\" data-element_type=\"column\">\n\t\t\t<div class=\"elementor-widget-wrap elementor-element-populated\">\n\t\t\t\t\t\t<div class=\"elementor-element elementor-element-5f9f80d6 sc_fly_static elementor-widget elementor-widget-trx_sc_services\" data-id=\"5f9f80d6\" data-element_type=\"widget\" data-widget_type=\"trx_sc_services.default\">\n\t\t\t\t<div class=\"elementor-widget-container\">\n\t\t\t\t\t<div class=\"sc_services color_style_link2 sc_services_qw-plaque sc_services_featured_top sc_services_popup sc_post_details_popup\"><div class=\"sc_services_columns_wrap sc_item_columns sc_item_posts_container sc_item_columns_3 trx_addons_columns_wrap columns_padding_bottom columns_in_single_row\"><div class=\"trx_addons_column-1_3 trx_addons_column-1_2-tablet trx_addons_column-1_1-mobile\"><div data-post-id=\"27579\" class=\"sc_services_item sc_item_container post_container with_more with_content with_image sc_services_item_featured_none post-27579 cpt_layouts type-cpt_layouts status-publish has-post-thumbnail hentry cpt_layouts_group-alopecia cpt_layouts_group-tratamiento-capilar\" data-post_id=\"27579\" data-post_type=\"cpt_services\">\n\t\t<div class=\"sc_services_item_content\" style=\"background-image: url(https:\/\/dermika.com.mx\/wp-content\/uploads\/2021\/06\/Restauracion_capilar-840x559.jpg);\">\n\t\t\t\t<div class=\"sc_services_item_content_inner\"><div class=\"sc_services_item_content_inner_bottom\"><div class=\"sc_services_item_info_wrap\">\n                    <div class=\"sc_services_item_title_wrap\"><h5 class=\"sc_services_item_title\"><a href=\"https:\/\/dermika.com.mx\/en\/layouts\/laser-excimer-para-restauracion-capilar\/\">Excimer Laser for Hair Restoration<\/a><\/h5>\n                        <\/div><div class=\"sc_services_item_button sc_item_button\">\n                        <a href=\"https:\/\/dermika.com.mx\/en\/layouts\/laser-excimer-para-restauracion-capilar\/\" class=\"sc_services_item_more_link\">\n                            <span class=\"link_text\">View More<\/span><span class=\"link_icon\"><\/span>\n                        <\/a>\n                        <\/div><\/div><div class=\"sc_services_item_text\"><p>Excimer Laser Treatment for Hair Restoration Excimer lasers deliver powerful ultraviolet rays to the skin, treating specific areas without exposing or damaging surrounding healthy skin. The\u2026<\/p>\n<\/div><\/div><\/div><a class=\"sc_services_item_link\" href=\"https:\/\/dermika.com.mx\/en\/layouts\/laser-excimer-para-restauracion-capilar\/\"><\/a><\/div><\/div><\/div><\/div><\/div>\t\t\t\t<\/div>\n\t\t\t\t<\/div>\n\t\t\t\t\t<\/div>\n\t\t<\/div>\n\t\t\t\t\t<\/div>\n\t\t<\/section>\n\t\t\t\t<\/div>","protected":false},"excerpt":{"rendered":"<p>Inicio Condiciones de la piel Alopecia \u00bfQue es la Alopecia? Definici\u00f3n y causas Las estr\u00edas son l\u00edneas o surcos que pueden aparecer en la piel que se ha estirado en&hellip;<\/p>","protected":false},"author":1,"featured_media":202,"parent":26208,"menu_order":0,"comment_status":"closed","ping_status":"closed","template":"","meta":{"footnotes":""},"class_list":["post-28429","page","type-page","status-publish","has-post-thumbnail","hentry"],"yoast_head":"<!-- This site is optimized with the Yoast SEO plugin v27.2 - https:\/\/yoast.com\/product\/yoast-seo-wordpress\/ -->\n<title>Alopecia: Causas y Tratamientos | Dermika<\/title>\n<meta name=\"description\" content=\"Conoce las causas y tratamientos para la alopecia en Dermika. Recupera tu cabello con la tecnolog\u00eda m\u00e1s avanzada en restauraci\u00f3n capilar.\" \/>\n<meta name=\"robots\" content=\"index, follow, max-snippet:-1, max-image-preview:large, max-video-preview:-1\" \/>\n<link rel=\"canonical\" href=\"https:\/\/dermika.com.mx\/en\/condiciones-de-la-piel\/tratamiento-para-la-alopecia\/\" \/>\n<meta property=\"og:locale\" content=\"en_US\" \/>\n<meta property=\"og:type\" content=\"article\" \/>\n<meta property=\"og:title\" content=\"Alopecia: Causas y Tratamientos | Dermika\" \/>\n<meta property=\"og:description\" content=\"Conoce las causas y tratamientos para la alopecia en Dermika. Recupera tu cabello con la tecnolog\u00eda m\u00e1s avanzada en restauraci\u00f3n capilar.\" \/>\n<meta property=\"og:url\" content=\"https:\/\/dermika.com.mx\/en\/condiciones-de-la-piel\/tratamiento-para-la-alopecia\/\" \/>\n<meta property=\"og:site_name\" content=\"Dermika\" \/>\n<meta property=\"article:publisher\" content=\"https:\/\/www.facebook.com\/DermikaCentroDermatologicoLaser\/\" \/>\n<meta property=\"article:modified_time\" content=\"2024-10-24T16:23:57+00:00\" \/>\n<meta property=\"og:image\" content=\"https:\/\/dermika.com.mx\/wp-content\/uploads\/2021\/02\/Captura-de-Pantalla-2020-12-01-a-las-14.08.59.png\" \/>\n\t<meta property=\"og:image:width\" content=\"434\" \/>\n\t<meta property=\"og:image:height\" content=\"289\" \/>\n\t<meta property=\"og:image:type\" content=\"image\/png\" \/>\n<meta name=\"twitter:card\" content=\"summary_large_image\" \/>\n<meta name=\"twitter:label1\" content=\"Est. reading time\" \/>\n\t<meta name=\"twitter:data1\" content=\"2 minutes\" \/>\n<script type=\"application\/ld+json\" class=\"yoast-schema-graph\">{\"@context\":\"https:\/\/schema.org\",\"@graph\":[{\"@type\":\"WebPage\",\"@id\":\"https:\/\/dermika.com.mx\/condiciones-de-la-piel\/tratamiento-para-la-alopecia\/\",\"url\":\"https:\/\/dermika.com.mx\/condiciones-de-la-piel\/tratamiento-para-la-alopecia\/\",\"name\":\"Alopecia: Causas y Tratamientos | Dermika\",\"isPartOf\":{\"@id\":\"https:\/\/dermika.com.mx\/#website\"},\"primaryImageOfPage\":{\"@id\":\"https:\/\/dermika.com.mx\/condiciones-de-la-piel\/tratamiento-para-la-alopecia\/#primaryimage\"},\"image\":{\"@id\":\"https:\/\/dermika.com.mx\/condiciones-de-la-piel\/tratamiento-para-la-alopecia\/#primaryimage\"},\"thumbnailUrl\":\"https:\/\/dermika.com.mx\/wp-content\/uploads\/2021\/02\/Captura-de-Pantalla-2020-12-01-a-las-14.08.59.png\",\"datePublished\":\"2024-06-26T01:02:48+00:00\",\"dateModified\":\"2024-10-24T16:23:57+00:00\",\"description\":\"Conoce las causas y tratamientos para la alopecia en Dermika. Recupera tu cabello con la tecnolog\u00eda m\u00e1s avanzada en restauraci\u00f3n capilar.\",\"breadcrumb\":{\"@id\":\"https:\/\/dermika.com.mx\/condiciones-de-la-piel\/tratamiento-para-la-alopecia\/#breadcrumb\"},\"inLanguage\":\"en-US\",\"potentialAction\":[{\"@type\":\"ReadAction\",\"target\":[\"https:\/\/dermika.com.mx\/condiciones-de-la-piel\/tratamiento-para-la-alopecia\/\"]}]},{\"@type\":\"ImageObject\",\"inLanguage\":\"en-US\",\"@id\":\"https:\/\/dermika.com.mx\/condiciones-de-la-piel\/tratamiento-para-la-alopecia\/#primaryimage\",\"url\":\"https:\/\/dermika.com.mx\/wp-content\/uploads\/2021\/02\/Captura-de-Pantalla-2020-12-01-a-las-14.08.59.png\",\"contentUrl\":\"https:\/\/dermika.com.mx\/wp-content\/uploads\/2021\/02\/Captura-de-Pantalla-2020-12-01-a-las-14.08.59.png\",\"width\":434,\"height\":289,\"caption\":\"Alopecia\"},{\"@type\":\"BreadcrumbList\",\"@id\":\"https:\/\/dermika.com.mx\/condiciones-de-la-piel\/tratamiento-para-la-alopecia\/#breadcrumb\",\"itemListElement\":[{\"@type\":\"ListItem\",\"position\":1,\"name\":\"Home\",\"item\":\"https:\/\/dermika.com.mx\/\"},{\"@type\":\"ListItem\",\"position\":2,\"name\":\"Condiciones de la piel\",\"item\":\"https:\/\/dermika.com.mx\/condiciones-de-la-piel\/\"},{\"@type\":\"ListItem\",\"position\":3,\"name\":\"Alopecia\"}]},{\"@type\":\"WebSite\",\"@id\":\"https:\/\/dermika.com.mx\/#website\",\"url\":\"https:\/\/dermika.com.mx\/\",\"name\":\"Dermika\",\"description\":\"Dermika | El mejor centro M\u00e9dico Dermatol\u00f3gico L\u00e1ser\",\"publisher\":{\"@id\":\"https:\/\/dermika.com.mx\/#organization\"},\"potentialAction\":[{\"@type\":\"SearchAction\",\"target\":{\"@type\":\"EntryPoint\",\"urlTemplate\":\"https:\/\/dermika.com.mx\/?s={search_term_string}\"},\"query-input\":{\"@type\":\"PropertyValueSpecification\",\"valueRequired\":true,\"valueName\":\"search_term_string\"}}],\"inLanguage\":\"en-US\"},{\"@type\":\"Organization\",\"@id\":\"https:\/\/dermika.com.mx\/#organization\",\"name\":\"Dermika\",\"url\":\"https:\/\/dermika.com.mx\/\",\"logo\":{\"@type\":\"ImageObject\",\"inLanguage\":\"en-US\",\"@id\":\"https:\/\/dermika.com.mx\/#\/schema\/logo\/image\/\",\"url\":\"https:\/\/dermika.com.mx\/wp-content\/uploads\/2021\/02\/logo-dermika-1.png\",\"contentUrl\":\"https:\/\/dermika.com.mx\/wp-content\/uploads\/2021\/02\/logo-dermika-1.png\",\"width\":192,\"height\":63,\"caption\":\"Dermika\"},\"image\":{\"@id\":\"https:\/\/dermika.com.mx\/#\/schema\/logo\/image\/\"},\"sameAs\":[\"https:\/\/www.facebook.com\/DermikaCentroDermatologicoLaser\/\",\"https:\/\/www.instagram.com\/dermikalaser\/\"]}]}<\/script>\n<!-- \/ Yoast SEO plugin. -->","yoast_head_json":{"title":"Alopecia: Causas y Tratamientos | Dermika","description":"Conoce las causas y tratamientos para la alopecia en Dermika. Recupera tu cabello con la tecnolog\u00eda m\u00e1s avanzada en restauraci\u00f3n capilar.","robots":{"index":"index","follow":"follow","max-snippet":"max-snippet:-1","max-image-preview":"max-image-preview:large","max-video-preview":"max-video-preview:-1"},"canonical":"https:\/\/dermika.com.mx\/en\/condiciones-de-la-piel\/tratamiento-para-la-alopecia\/","og_locale":"en_US","og_type":"article","og_title":"Alopecia: Causas y Tratamientos | Dermika","og_description":"Conoce las causas y tratamientos para la alopecia en Dermika. Recupera tu cabello con la tecnolog\u00eda m\u00e1s avanzada en restauraci\u00f3n capilar.","og_url":"https:\/\/dermika.com.mx\/en\/condiciones-de-la-piel\/tratamiento-para-la-alopecia\/","og_site_name":"Dermika","article_publisher":"https:\/\/www.facebook.com\/DermikaCentroDermatologicoLaser\/","article_modified_time":"2024-10-24T16:23:57+00:00","og_image":[{"width":434,"height":289,"url":"https:\/\/dermika.com.mx\/wp-content\/uploads\/2021\/02\/Captura-de-Pantalla-2020-12-01-a-las-14.08.59.png","type":"image\/png"}],"twitter_card":"summary_large_image","twitter_misc":{"Est. reading time":"2 minutes"},"schema":{"@context":"https:\/\/schema.org","@graph":[{"@type":"WebPage","@id":"https:\/\/dermika.com.mx\/condiciones-de-la-piel\/tratamiento-para-la-alopecia\/","url":"https:\/\/dermika.com.mx\/condiciones-de-la-piel\/tratamiento-para-la-alopecia\/","name":"Alopecia: Causas y Tratamientos | Dermika","isPartOf":{"@id":"https:\/\/dermika.com.mx\/#website"},"primaryImageOfPage":{"@id":"https:\/\/dermika.com.mx\/condiciones-de-la-piel\/tratamiento-para-la-alopecia\/#primaryimage"},"image":{"@id":"https:\/\/dermika.com.mx\/condiciones-de-la-piel\/tratamiento-para-la-alopecia\/#primaryimage"},"thumbnailUrl":"https:\/\/dermika.com.mx\/wp-content\/uploads\/2021\/02\/Captura-de-Pantalla-2020-12-01-a-las-14.08.59.png","datePublished":"2024-06-26T01:02:48+00:00","dateModified":"2024-10-24T16:23:57+00:00","description":"Conoce las causas y tratamientos para la alopecia en Dermika. Recupera tu cabello con la tecnolog\u00eda m\u00e1s avanzada en restauraci\u00f3n capilar.","breadcrumb":{"@id":"https:\/\/dermika.com.mx\/condiciones-de-la-piel\/tratamiento-para-la-alopecia\/#breadcrumb"},"inLanguage":"en-US","potentialAction":[{"@type":"ReadAction","target":["https:\/\/dermika.com.mx\/condiciones-de-la-piel\/tratamiento-para-la-alopecia\/"]}]},{"@type":"ImageObject","inLanguage":"en-US","@id":"https:\/\/dermika.com.mx\/condiciones-de-la-piel\/tratamiento-para-la-alopecia\/#primaryimage","url":"https:\/\/dermika.com.mx\/wp-content\/uploads\/2021\/02\/Captura-de-Pantalla-2020-12-01-a-las-14.08.59.png","contentUrl":"https:\/\/dermika.com.mx\/wp-content\/uploads\/2021\/02\/Captura-de-Pantalla-2020-12-01-a-las-14.08.59.png","width":434,"height":289,"caption":"Alopecia"},{"@type":"BreadcrumbList","@id":"https:\/\/dermika.com.mx\/condiciones-de-la-piel\/tratamiento-para-la-alopecia\/#breadcrumb","itemListElement":[{"@type":"ListItem","position":1,"name":"Home","item":"https:\/\/dermika.com.mx\/"},{"@type":"ListItem","position":2,"name":"Condiciones de la piel","item":"https:\/\/dermika.com.mx\/condiciones-de-la-piel\/"},{"@type":"ListItem","position":3,"name":"Alopecia"}]},{"@type":"WebSite","@id":"https:\/\/dermika.com.mx\/#website","url":"https:\/\/dermika.com.mx\/","name":"Dermika","description":"Dermika | El mejor centro M\u00e9dico Dermatol\u00f3gico L\u00e1ser","publisher":{"@id":"https:\/\/dermika.com.mx\/#organization"},"potentialAction":[{"@type":"SearchAction","target":{"@type":"EntryPoint","urlTemplate":"https:\/\/dermika.com.mx\/?s={search_term_string}"},"query-input":{"@type":"PropertyValueSpecification","valueRequired":true,"valueName":"search_term_string"}}],"inLanguage":"en-US"},{"@type":"Organization","@id":"https:\/\/dermika.com.mx\/#organization","name":"Dermika","url":"https:\/\/dermika.com.mx\/","logo":{"@type":"ImageObject","inLanguage":"en-US","@id":"https:\/\/dermika.com.mx\/#\/schema\/logo\/image\/","url":"https:\/\/dermika.com.mx\/wp-content\/uploads\/2021\/02\/logo-dermika-1.png","contentUrl":"https:\/\/dermika.com.mx\/wp-content\/uploads\/2021\/02\/logo-dermika-1.png","width":192,"height":63,"caption":"Dermika"},"image":{"@id":"https:\/\/dermika.com.mx\/#\/schema\/logo\/image\/"},"sameAs":["https:\/\/www.facebook.com\/DermikaCentroDermatologicoLaser\/","https:\/\/www.instagram.com\/dermikalaser\/"]}]}},"_links":{"self":[{"href":"https:\/\/dermika.com.mx\/en\/wp-json\/wp\/v2\/pages\/28429","targetHints":{"allow":["GET"]}}],"collection":[{"href":"https:\/\/dermika.com.mx\/en\/wp-json\/wp\/v2\/pages"}],"about":[{"href":"https:\/\/dermika.com.mx\/en\/wp-json\/wp\/v2\/types\/page"}],"author":[{"embeddable":true,"href":"https:\/\/dermika.com.mx\/en\/wp-json\/wp\/v2\/users\/1"}],"replies":[{"embeddable":true,"href":"https:\/\/dermika.com.mx\/en\/wp-json\/wp\/v2\/comments?post=28429"}],"version-history":[{"count":1,"href":"https:\/\/dermika.com.mx\/en\/wp-json\/wp\/v2\/pages\/28429\/revisions"}],"predecessor-version":[{"id":30675,"href":"https:\/\/dermika.com.mx\/en\/wp-json\/wp\/v2\/pages\/28429\/revisions\/30675"}],"up":[{"embeddable":true,"href":"https:\/\/dermika.com.mx\/en\/wp-json\/wp\/v2\/pages\/26208"}],"wp:featuredmedia":[{"embeddable":true,"href":"https:\/\/dermika.com.mx\/en\/wp-json\/wp\/v2\/media\/202"}],"wp:attachment":[{"href":"https:\/\/dermika.com.mx\/en\/wp-json\/wp\/v2\/media?parent=28429"}],"curies":[{"name":"wp","href":"https:\/\/api.w.org\/{rel}","templated":true}]}}