{"id":29047,"date":"2024-08-30T14:59:13","date_gmt":"2024-08-30T14:59:13","guid":{"rendered":"https:\/\/staging.dermika.com.mx\/?page_id=29047"},"modified":"2025-01-15T00:04:46","modified_gmt":"2025-01-15T00:04:46","slug":"hollywood-peel","status":"publish","type":"page","link":"https:\/\/dermika.com.mx\/en\/servicios-dermatologicos-dermika\/hollywood-peel\/","title":{"rendered":"Hollywood Peel"},"content":{"rendered":"<div data-elementor-type=\"wp-page\" data-elementor-id=\"29047\" class=\"elementor elementor-29047\">\n\t\t\t\t\t\t<section class=\"elementor-section elementor-top-section elementor-element elementor-element-144f9124 elementor-section-full_width elementor-section-content-middle scheme_light-lab elementor-section-stretched elementor-section-height-default elementor-section-height-default sc_fly_static\" data-id=\"144f9124\" data-element_type=\"section\" data-settings=\"{&quot;background_background&quot;:&quot;classic&quot;,&quot;stretch_section&quot;:&quot;section-stretched&quot;}\">\n\t\t\t\t\t\t<div class=\"elementor-container elementor-column-gap-no\">\n\t\t\t\t\t<div class=\"elementor-column elementor-col-50 elementor-top-column elementor-element elementor-element-41296583 sc_inner_width_none sc_content_align_inherit sc_layouts_column_icons_position_left sc_fly_static\" data-id=\"41296583\" data-element_type=\"column\">\n\t\t\t<div class=\"elementor-widget-wrap elementor-element-populated\">\n\t\t\t\t\t\t<section class=\"elementor-section elementor-inner-section elementor-element elementor-element-64324c15 elementor-section-full_width elementor-section-height-default elementor-section-height-default sc_fly_static\" data-id=\"64324c15\" data-element_type=\"section\">\n\t\t\t\t\t\t<div class=\"elementor-container elementor-column-gap-default\">\n\t\t\t\t\t<div class=\"elementor-column elementor-col-100 elementor-inner-column elementor-element elementor-element-6f56c633 sc_inner_width_none sc_content_align_inherit sc_layouts_column_icons_position_left sc_fly_static\" data-id=\"6f56c633\" data-element_type=\"column\">\n\t\t\t<div class=\"elementor-widget-wrap elementor-element-populated\">\n\t\t\t\t\t\t<div class=\"elementor-element elementor-element-7c2ab65f no-title sc_fly_static elementor-widget elementor-widget-image\" data-id=\"7c2ab65f\" data-element_type=\"widget\" data-widget_type=\"image.default\">\n\t\t\t\t<div class=\"elementor-widget-container\">\n\t\t\t\t\t\t\t\t\t\t\t\t\t\t\t<img decoding=\"async\" src=\"https:\/\/dermika.com.mx\/wp-content\/uploads\/elementor\/thumbs\/HOLLYWOODPEEL_DK08-scaled-qw1dap0ezy8669huwuelxctpomxcdjzpe5bl24uefo.jpg\" title=\"HOLLYWOODPEEL_DK08\" alt=\"HOLLYWOODPEEL_DK08\" loading=\"lazy\" \/>\t\t\t\t\t\t\t\t\t\t\t\t\t\t\t<\/div>\n\t\t\t\t<\/div>\n\t\t\t\t\t<\/div>\n\t\t<\/div>\n\t\t\t\t\t<\/div>\n\t\t<\/section>\n\t\t\t\t\t<\/div>\n\t\t<\/div>\n\t\t\t\t<div class=\"elementor-column elementor-col-50 elementor-top-column elementor-element elementor-element-6291b28e sc_inner_width_none sc_content_align_inherit sc_layouts_column_icons_position_left sc_fly_static\" data-id=\"6291b28e\" data-element_type=\"column\">\n\t\t\t<div class=\"elementor-widget-wrap elementor-element-populated\">\n\t\t\t\t\t\t<div class=\"elementor-element elementor-element-21f18abf sc_layouts_hide_on_wide sc_layouts_hide_on_desktop sc_layouts_hide_on_notebook sc_layouts_hide_on_tablet sc_fly_static elementor-widget elementor-widget-spacer\" data-id=\"21f18abf\" data-element_type=\"widget\" data-widget_type=\"spacer.default\">\n\t\t\t\t<div class=\"elementor-widget-container\">\n\t\t\t\t\t\t\t<div class=\"elementor-spacer\">\n\t\t\t<div class=\"elementor-spacer-inner\"><\/div>\n\t\t<\/div>\n\t\t\t\t\t\t<\/div>\n\t\t\t\t<\/div>\n\t\t\t\t<div class=\"elementor-element elementor-element-1c55661f sc_layouts_hide_on_mobile sc_layouts_hide_on_tablet sc_fly_static elementor-widget elementor-widget-trx_sc_title\" data-id=\"1c55661f\" data-element_type=\"widget\" data-widget_type=\"trx_sc_title.default\">\n\t\t\t\t<div class=\"elementor-widget-container\">\n\t\t\t\t\t<div\t\tclass=\"sc_title sc_title_default\" ><h1 class=\"sc_item_title sc_title_title sc_item_title_style_default sc_item_title_tag\"\n\t\t\t><span class=\"sc_item_title_text\">The best treatments  <\/br>para cada tipo de piel.<\/span><\/h1><\/div>\t\t\t\t<\/div>\n\t\t\t\t<\/div>\n\t\t\t\t<div class=\"elementor-element elementor-element-63f47538 sc_layouts_hide_on_mobile sc_layouts_hide_on_tablet sc_fly_static elementor-widget elementor-widget-spacer\" data-id=\"63f47538\" data-element_type=\"widget\" data-widget_type=\"spacer.default\">\n\t\t\t\t<div class=\"elementor-widget-container\">\n\t\t\t\t\t\t\t<div class=\"elementor-spacer\">\n\t\t\t<div class=\"elementor-spacer-inner\"><\/div>\n\t\t<\/div>\n\t\t\t\t\t\t<\/div>\n\t\t\t\t<\/div>\n\t\t\t\t<section class=\"elementor-section elementor-inner-section elementor-element elementor-element-7f371cc1 elementor-section-boxed elementor-section-height-default elementor-section-height-default sc_fly_static\" data-id=\"7f371cc1\" data-element_type=\"section\">\n\t\t\t\t\t\t<div class=\"elementor-container elementor-column-gap-no\">\n\t\t\t\t\t<div class=\"elementor-column elementor-col-100 elementor-inner-column elementor-element elementor-element-fb63a48 sc_inner_width_none sc_content_align_inherit sc_layouts_column_icons_position_left sc_fly_static\" data-id=\"fb63a48\" data-element_type=\"column\">\n\t\t\t<div class=\"elementor-widget-wrap elementor-element-populated\">\n\t\t\t\t\t\t<div class=\"elementor-element elementor-element-420a6ba8 sc_layouts_hide_on_wide sc_layouts_hide_on_desktop sc_layouts_hide_on_notebook sc_fly_static elementor-widget elementor-widget-trx_sc_title\" data-id=\"420a6ba8\" data-element_type=\"widget\" data-widget_type=\"trx_sc_title.default\">\n\t\t\t\t<div class=\"elementor-widget-container\">\n\t\t\t\t\t<div\t\tclass=\"sc_title sc_title_default\" ><h1 class=\"sc_item_title sc_title_title sc_item_title_style_default sc_item_title_tag\"\n\t\t\t><span class=\"sc_item_title_text\">The best treatments  <\/br>for laser hair removal.<\/span><\/h1><\/div>\t\t\t\t<\/div>\n\t\t\t\t<\/div>\n\t\t\t\t<div class=\"elementor-element elementor-element-937096b sc_layouts_hide_on_wide sc_layouts_hide_on_desktop sc_layouts_hide_on_notebook sc_fly_static elementor-widget elementor-widget-spacer\" data-id=\"937096b\" data-element_type=\"widget\" data-widget_type=\"spacer.default\">\n\t\t\t\t<div class=\"elementor-widget-container\">\n\t\t\t\t\t\t\t<div class=\"elementor-spacer\">\n\t\t\t<div class=\"elementor-spacer-inner\"><\/div>\n\t\t<\/div>\n\t\t\t\t\t\t<\/div>\n\t\t\t\t<\/div>\n\t\t\t\t<div class=\"elementor-element elementor-element-25355556 scheme_default sc_fly_static elementor-widget elementor-widget-text-editor\" data-id=\"25355556\" data-element_type=\"widget\" data-widget_type=\"text-editor.default\">\n\t\t\t\t<div class=\"elementor-widget-container\">\n\t\t\t\t\t\t\t\t\t<p>High-tech laser procedure in which activated charcoal is applied to the face and penetrates the hair follicle to refine the pore and control oil, also giving a luminosity and rejuvenation effect.<br \/>Some benefits are:<br \/>\u2022\u2060 \u2060Brightens and repairs sun-damaged skin, giving it a fresh and uniform appearance.<br \/>\u2022\u2060 \u2060Reduces blemishes, fine lines, acne scars and oiliness.<\/p>\t\t\t\t\t\t\t\t<\/div>\n\t\t\t\t<\/div>\n\t\t\t\t<div class=\"elementor-element elementor-element-980647e sc_fly_static elementor-widget elementor-widget-spacer\" data-id=\"980647e\" data-element_type=\"widget\" data-widget_type=\"spacer.default\">\n\t\t\t\t<div class=\"elementor-widget-container\">\n\t\t\t\t\t\t\t<div class=\"elementor-spacer\">\n\t\t\t<div class=\"elementor-spacer-inner\"><\/div>\n\t\t<\/div>\n\t\t\t\t\t\t<\/div>\n\t\t\t\t<\/div>\n\t\t\t\t<div class=\"elementor-element elementor-element-2004d861 scheme_default sc_fly_static elementor-widget elementor-widget-trx_sc_button\" data-id=\"2004d861\" data-element_type=\"widget\" data-widget_type=\"trx_sc_button.default\">\n\t\t\t\t<div class=\"elementor-widget-container\">\n\t\t\t\t\t<div\tclass=\"sc_item_button sc_button_wrap\" ><a href=\"https:\/\/dermika.com.mx\/en\/contacto-dermika-2\/\" class=\"sc_button sc_button_default sc_button_size_normal sc_button_icon_left\" ><span class=\"sc_button_text\"><span class=\"sc_button_title\">Book your appointment<\/span><\/span><\/a><\/div>\t\t\t\t<\/div>\n\t\t\t\t<\/div>\n\t\t\t\t\t<\/div>\n\t\t<\/div>\n\t\t\t\t\t<\/div>\n\t\t<\/section>\n\t\t\t\t\t<\/div>\n\t\t<\/div>\n\t\t\t\t\t<\/div>\n\t\t<\/section>\n\t\t\t\t<\/div>","protected":false},"excerpt":{"rendered":"<p>The best treatments for every skin type. The best treatments for laser hair removal. A high-tech laser procedure in which activated charcoal is applied to the face and penetrates.<\/p>","protected":false},"author":1,"featured_media":29055,"parent":26220,"menu_order":0,"comment_status":"closed","ping_status":"closed","template":"","meta":{"footnotes":""},"class_list":["post-29047","page","type-page","status-publish","has-post-thumbnail","hentry"],"yoast_head":"<!-- This site is optimized with the Yoast SEO plugin v27.2 - https:\/\/yoast.com\/product\/yoast-seo-wordpress\/ -->\n<title>Hollywood Peel: Rejuvenecimiento Facial | Dermika<\/title>\n<meta name=\"description\" content=\"Descubre el tratamiento Hollywood Peel en Dermika para un rejuvenecimiento facial con resultados visibles. Consulta a nuestros especialistas.\" \/>\n<meta name=\"robots\" content=\"index, follow, max-snippet:-1, max-image-preview:large, max-video-preview:-1\" \/>\n<link rel=\"canonical\" href=\"https:\/\/dermika.com.mx\/en\/servicios-dermatologicos-dermika\/hollywood-peel\/\" \/>\n<meta property=\"og:locale\" content=\"en_US\" \/>\n<meta property=\"og:type\" content=\"article\" \/>\n<meta property=\"og:title\" content=\"Hollywood Peel: Rejuvenecimiento Facial | Dermika\" \/>\n<meta property=\"og:description\" content=\"Descubre el tratamiento Hollywood Peel en Dermika para un rejuvenecimiento facial con resultados visibles. Consulta a nuestros especialistas.\" \/>\n<meta property=\"og:url\" content=\"https:\/\/dermika.com.mx\/en\/servicios-dermatologicos-dermika\/hollywood-peel\/\" \/>\n<meta property=\"og:site_name\" content=\"Dermika\" \/>\n<meta property=\"article:publisher\" content=\"https:\/\/www.facebook.com\/DermikaCentroDermatologicoLaser\/\" \/>\n<meta property=\"article:modified_time\" content=\"2025-01-15T00:04:46+00:00\" \/>\n<meta property=\"og:image\" content=\"https:\/\/dermika.com.mx\/wp-content\/uploads\/2024\/08\/HOLLYWOODPEEL_DK08-scaled.jpg\" \/>\n\t<meta property=\"og:image:width\" content=\"2560\" \/>\n\t<meta property=\"og:image:height\" content=\"1707\" \/>\n\t<meta property=\"og:image:type\" content=\"image\/jpeg\" \/>\n<meta name=\"twitter:card\" content=\"summary_large_image\" \/>\n<meta name=\"twitter:label1\" content=\"Est. reading time\" \/>\n\t<meta name=\"twitter:data1\" content=\"1 minute\" \/>\n<script type=\"application\/ld+json\" class=\"yoast-schema-graph\">{\"@context\":\"https:\/\/schema.org\",\"@graph\":[{\"@type\":\"WebPage\",\"@id\":\"https:\/\/dermika.com.mx\/servicios-dermatologicos-dermika\/hollywood-peel\/\",\"url\":\"https:\/\/dermika.com.mx\/servicios-dermatologicos-dermika\/hollywood-peel\/\",\"name\":\"Hollywood Peel: Rejuvenecimiento Facial | Dermika\",\"isPartOf\":{\"@id\":\"https:\/\/dermika.com.mx\/#website\"},\"primaryImageOfPage\":{\"@id\":\"https:\/\/dermika.com.mx\/servicios-dermatologicos-dermika\/hollywood-peel\/#primaryimage\"},\"image\":{\"@id\":\"https:\/\/dermika.com.mx\/servicios-dermatologicos-dermika\/hollywood-peel\/#primaryimage\"},\"thumbnailUrl\":\"https:\/\/dermika.com.mx\/wp-content\/uploads\/2024\/08\/HOLLYWOODPEEL_DK08-scaled.jpg\",\"datePublished\":\"2024-08-30T14:59:13+00:00\",\"dateModified\":\"2025-01-15T00:04:46+00:00\",\"description\":\"Descubre el tratamiento Hollywood Peel en Dermika para un rejuvenecimiento facial con resultados visibles. Consulta a nuestros especialistas.\",\"breadcrumb\":{\"@id\":\"https:\/\/dermika.com.mx\/servicios-dermatologicos-dermika\/hollywood-peel\/#breadcrumb\"},\"inLanguage\":\"en-US\",\"potentialAction\":[{\"@type\":\"ReadAction\",\"target\":[\"https:\/\/dermika.com.mx\/servicios-dermatologicos-dermika\/hollywood-peel\/\"]}]},{\"@type\":\"ImageObject\",\"inLanguage\":\"en-US\",\"@id\":\"https:\/\/dermika.com.mx\/servicios-dermatologicos-dermika\/hollywood-peel\/#primaryimage\",\"url\":\"https:\/\/dermika.com.mx\/wp-content\/uploads\/2024\/08\/HOLLYWOODPEEL_DK08-scaled.jpg\",\"contentUrl\":\"https:\/\/dermika.com.mx\/wp-content\/uploads\/2024\/08\/HOLLYWOODPEEL_DK08-scaled.jpg\",\"width\":2560,\"height\":1707},{\"@type\":\"BreadcrumbList\",\"@id\":\"https:\/\/dermika.com.mx\/servicios-dermatologicos-dermika\/hollywood-peel\/#breadcrumb\",\"itemListElement\":[{\"@type\":\"ListItem\",\"position\":1,\"name\":\"Home\",\"item\":\"https:\/\/dermika.com.mx\/\"},{\"@type\":\"ListItem\",\"position\":2,\"name\":\"Servicios Dermatol\u00f3gicos\",\"item\":\"https:\/\/dermika.com.mx\/servicios-dermatologicos-dermika\/\"},{\"@type\":\"ListItem\",\"position\":3,\"name\":\"Hollywood Peel\"}]},{\"@type\":\"WebSite\",\"@id\":\"https:\/\/dermika.com.mx\/#website\",\"url\":\"https:\/\/dermika.com.mx\/\",\"name\":\"Dermika\",\"description\":\"Dermika | El mejor centro M\u00e9dico Dermatol\u00f3gico L\u00e1ser\",\"publisher\":{\"@id\":\"https:\/\/dermika.com.mx\/#organization\"},\"potentialAction\":[{\"@type\":\"SearchAction\",\"target\":{\"@type\":\"EntryPoint\",\"urlTemplate\":\"https:\/\/dermika.com.mx\/?s={search_term_string}\"},\"query-input\":{\"@type\":\"PropertyValueSpecification\",\"valueRequired\":true,\"valueName\":\"search_term_string\"}}],\"inLanguage\":\"en-US\"},{\"@type\":\"Organization\",\"@id\":\"https:\/\/dermika.com.mx\/#organization\",\"name\":\"Dermika\",\"url\":\"https:\/\/dermika.com.mx\/\",\"logo\":{\"@type\":\"ImageObject\",\"inLanguage\":\"en-US\",\"@id\":\"https:\/\/dermika.com.mx\/#\/schema\/logo\/image\/\",\"url\":\"https:\/\/dermika.com.mx\/wp-content\/uploads\/2021\/02\/logo-dermika-1.png\",\"contentUrl\":\"https:\/\/dermika.com.mx\/wp-content\/uploads\/2021\/02\/logo-dermika-1.png\",\"width\":192,\"height\":63,\"caption\":\"Dermika\"},\"image\":{\"@id\":\"https:\/\/dermika.com.mx\/#\/schema\/logo\/image\/\"},\"sameAs\":[\"https:\/\/www.facebook.com\/DermikaCentroDermatologicoLaser\/\",\"https:\/\/www.instagram.com\/dermikalaser\/\"]}]}<\/script>\n<!-- \/ Yoast SEO plugin. -->","yoast_head_json":{"title":"Hollywood Peel: Rejuvenecimiento Facial | Dermika","description":"Descubre el tratamiento Hollywood Peel en Dermika para un rejuvenecimiento facial con resultados visibles. Consulta a nuestros especialistas.","robots":{"index":"index","follow":"follow","max-snippet":"max-snippet:-1","max-image-preview":"max-image-preview:large","max-video-preview":"max-video-preview:-1"},"canonical":"https:\/\/dermika.com.mx\/en\/servicios-dermatologicos-dermika\/hollywood-peel\/","og_locale":"en_US","og_type":"article","og_title":"Hollywood Peel: Rejuvenecimiento Facial | Dermika","og_description":"Descubre el tratamiento Hollywood Peel en Dermika para un rejuvenecimiento facial con resultados visibles. Consulta a nuestros especialistas.","og_url":"https:\/\/dermika.com.mx\/en\/servicios-dermatologicos-dermika\/hollywood-peel\/","og_site_name":"Dermika","article_publisher":"https:\/\/www.facebook.com\/DermikaCentroDermatologicoLaser\/","article_modified_time":"2025-01-15T00:04:46+00:00","og_image":[{"width":2560,"height":1707,"url":"https:\/\/dermika.com.mx\/wp-content\/uploads\/2024\/08\/HOLLYWOODPEEL_DK08-scaled.jpg","type":"image\/jpeg"}],"twitter_card":"summary_large_image","twitter_misc":{"Est. reading time":"1 minute"},"schema":{"@context":"https:\/\/schema.org","@graph":[{"@type":"WebPage","@id":"https:\/\/dermika.com.mx\/servicios-dermatologicos-dermika\/hollywood-peel\/","url":"https:\/\/dermika.com.mx\/servicios-dermatologicos-dermika\/hollywood-peel\/","name":"Hollywood Peel: Rejuvenecimiento Facial | Dermika","isPartOf":{"@id":"https:\/\/dermika.com.mx\/#website"},"primaryImageOfPage":{"@id":"https:\/\/dermika.com.mx\/servicios-dermatologicos-dermika\/hollywood-peel\/#primaryimage"},"image":{"@id":"https:\/\/dermika.com.mx\/servicios-dermatologicos-dermika\/hollywood-peel\/#primaryimage"},"thumbnailUrl":"https:\/\/dermika.com.mx\/wp-content\/uploads\/2024\/08\/HOLLYWOODPEEL_DK08-scaled.jpg","datePublished":"2024-08-30T14:59:13+00:00","dateModified":"2025-01-15T00:04:46+00:00","description":"Descubre el tratamiento Hollywood Peel en Dermika para un rejuvenecimiento facial con resultados visibles. Consulta a nuestros especialistas.","breadcrumb":{"@id":"https:\/\/dermika.com.mx\/servicios-dermatologicos-dermika\/hollywood-peel\/#breadcrumb"},"inLanguage":"en-US","potentialAction":[{"@type":"ReadAction","target":["https:\/\/dermika.com.mx\/servicios-dermatologicos-dermika\/hollywood-peel\/"]}]},{"@type":"ImageObject","inLanguage":"en-US","@id":"https:\/\/dermika.com.mx\/servicios-dermatologicos-dermika\/hollywood-peel\/#primaryimage","url":"https:\/\/dermika.com.mx\/wp-content\/uploads\/2024\/08\/HOLLYWOODPEEL_DK08-scaled.jpg","contentUrl":"https:\/\/dermika.com.mx\/wp-content\/uploads\/2024\/08\/HOLLYWOODPEEL_DK08-scaled.jpg","width":2560,"height":1707},{"@type":"BreadcrumbList","@id":"https:\/\/dermika.com.mx\/servicios-dermatologicos-dermika\/hollywood-peel\/#breadcrumb","itemListElement":[{"@type":"ListItem","position":1,"name":"Home","item":"https:\/\/dermika.com.mx\/"},{"@type":"ListItem","position":2,"name":"Servicios Dermatol\u00f3gicos","item":"https:\/\/dermika.com.mx\/servicios-dermatologicos-dermika\/"},{"@type":"ListItem","position":3,"name":"Hollywood Peel"}]},{"@type":"WebSite","@id":"https:\/\/dermika.com.mx\/#website","url":"https:\/\/dermika.com.mx\/","name":"Dermika","description":"Dermika | El mejor centro M\u00e9dico Dermatol\u00f3gico L\u00e1ser","publisher":{"@id":"https:\/\/dermika.com.mx\/#organization"},"potentialAction":[{"@type":"SearchAction","target":{"@type":"EntryPoint","urlTemplate":"https:\/\/dermika.com.mx\/?s={search_term_string}"},"query-input":{"@type":"PropertyValueSpecification","valueRequired":true,"valueName":"search_term_string"}}],"inLanguage":"en-US"},{"@type":"Organization","@id":"https:\/\/dermika.com.mx\/#organization","name":"Dermika","url":"https:\/\/dermika.com.mx\/","logo":{"@type":"ImageObject","inLanguage":"en-US","@id":"https:\/\/dermika.com.mx\/#\/schema\/logo\/image\/","url":"https:\/\/dermika.com.mx\/wp-content\/uploads\/2021\/02\/logo-dermika-1.png","contentUrl":"https:\/\/dermika.com.mx\/wp-content\/uploads\/2021\/02\/logo-dermika-1.png","width":192,"height":63,"caption":"Dermika"},"image":{"@id":"https:\/\/dermika.com.mx\/#\/schema\/logo\/image\/"},"sameAs":["https:\/\/www.facebook.com\/DermikaCentroDermatologicoLaser\/","https:\/\/www.instagram.com\/dermikalaser\/"]}]}},"_links":{"self":[{"href":"https:\/\/dermika.com.mx\/en\/wp-json\/wp\/v2\/pages\/29047","targetHints":{"allow":["GET"]}}],"collection":[{"href":"https:\/\/dermika.com.mx\/en\/wp-json\/wp\/v2\/pages"}],"about":[{"href":"https:\/\/dermika.com.mx\/en\/wp-json\/wp\/v2\/types\/page"}],"author":[{"embeddable":true,"href":"https:\/\/dermika.com.mx\/en\/wp-json\/wp\/v2\/users\/1"}],"replies":[{"embeddable":true,"href":"https:\/\/dermika.com.mx\/en\/wp-json\/wp\/v2\/comments?post=29047"}],"version-history":[{"count":4,"href":"https:\/\/dermika.com.mx\/en\/wp-json\/wp\/v2\/pages\/29047\/revisions"}],"predecessor-version":[{"id":31206,"href":"https:\/\/dermika.com.mx\/en\/wp-json\/wp\/v2\/pages\/29047\/revisions\/31206"}],"up":[{"embeddable":true,"href":"https:\/\/dermika.com.mx\/en\/wp-json\/wp\/v2\/pages\/26220"}],"wp:featuredmedia":[{"embeddable":true,"href":"https:\/\/dermika.com.mx\/en\/wp-json\/wp\/v2\/media\/29055"}],"wp:attachment":[{"href":"https:\/\/dermika.com.mx\/en\/wp-json\/wp\/v2\/media?parent=29047"}],"curies":[{"name":"wp","href":"https:\/\/api.w.org\/{rel}","templated":true}]}}